{"id":12,"date":"2018-12-30T14:35:45","date_gmt":"2018-12-30T13:35:45","guid":{"rendered":"https:\/\/www.fluvius-flowcontrol.at\/?page_id=12"},"modified":"2022-01-17T08:02:03","modified_gmt":"2022-01-17T07:02:03","slug":"produkte","status":"publish","type":"page","link":"https:\/\/www.fluvius-flowcontrol.at\/en\/produkte\/","title":{"rendered":"Products"},"content":{"rendered":"<h2>\n\t\tOur Products\n\t<\/h2>\n\t<a href=\"https:\/\/www.fluvius-flowcontrol.at\/en\/produkte\/fluvius-regelventile\/\" target=\"_self\" rel=\"noopener\"><\/a> \n\t\t\t\t<img decoding=\"async\" src=\"https:\/\/www.fluvius-flowcontrol.at\/wp-content\/uploads\/2022\/01\/nav_v2_1.jpg\" alt=\"&lt;a class=&quot;uebersicht-link&quot; href=&quot;https:\/\/www.fluvius-flowcontrol.at\/produkte\/fluvius-regelventile\/&quot;&gt;Regelventile&lt;\/a&gt;\" title=\"nav_v2_1\" itemprop=\"image\"\/>\n\t\t<h3>Control valves<\/h3>\t\t\t\n\t<a href=\"https:\/\/www.fluvius-flowcontrol.at\/en\/produkte\/fluvius-druckminderventile\/\" target=\"_self\" rel=\"noopener\"><\/a> \n\t\t\t\t<img decoding=\"async\" src=\"https:\/\/www.fluvius-flowcontrol.at\/wp-content\/uploads\/2022\/01\/nav_v2_2.jpg\" alt=\"&lt;a class=&quot;uebersicht-link&quot; href=&quot;https:\/\/www.fluvius-flowcontrol.at\/produkte\/fluvius-druckminderventile\/&quot;&gt;Druckminderventile&lt;\/a&gt;\" title=\"nav_v2_2\" itemprop=\"image\"\/>\n\t\t<h3>Pressure reducing valves<\/h3>\t\t\t\n\t<a href=\"https:\/\/www.fluvius-flowcontrol.at\/en\/produkte\/fluvius-sicherheitsventile\/\" target=\"_self\" rel=\"noopener\"><\/a> \n\t\t\t\t<img decoding=\"async\" src=\"https:\/\/www.fluvius-flowcontrol.at\/wp-content\/uploads\/2022\/01\/nav_v2_3.jpg\" alt=\"&lt;a class=&quot;uebersicht-link&quot; href=&quot;https:\/\/www.fluvius-flowcontrol.at\/produkte\/fluvius-sicherheitsventile\/&quot;&gt;Sicherheitsventile&lt;\/a&gt;\" title=\"nav_v2_3\" itemprop=\"image\"\/>\n\t\t<h3>Safety valves<\/h3>\t\t\t\n\t<a href=\"https:\/\/www.fluvius-flowcontrol.at\/en\/produkte\/fluvius-uber-und-unterdruckventile\/\" target=\"_self\" rel=\"noopener\"><\/a> \n\t\t\t\t<img decoding=\"async\" src=\"https:\/\/www.fluvius-flowcontrol.at\/wp-content\/uploads\/2022\/01\/nav_v2_U\u0308ber-unterdruck.jpg\" alt=\"&lt;a class=&quot;uebersicht-link&quot; href=&quot;https:\/\/www.fluvius-flowcontrol.at\/produkte\/fluvius-uber-und-unterdruckventile\/&quot;&gt;\u00dcber- und &lt;br&gt;Unterdruckventile&lt;\/a&gt;\" title=\"nav_v2_U\u0308ber unterdruck\" itemprop=\"image\"\/>\n\t\t<h3>Pressure\/Vacuum<br \/>Vacuum Relief Valve<\/h3>\t\t\t\n\t<a href=\"https:\/\/www.fluvius-flowcontrol.at\/en\/produkte\/fluvius-dampfumformventile\/\" target=\"_self\" rel=\"noopener\"><\/a> \n\t\t\t\t<img decoding=\"async\" src=\"https:\/\/www.fluvius-flowcontrol.at\/wp-content\/uploads\/2022\/01\/nav_v2_4.jpg\" alt=\"&lt;a class=&quot;uebersicht-link&quot; href=&quot;https:\/\/www.fluvius-flowcontrol.at\/produkte\/fluvius-dampfumformventile\/&quot;&gt;Dampfumformventile&lt;\/a&gt;&lt;br&gt;&amp; Dampfk\u00fchler\" title=\"nav_v2_4\" itemprop=\"image\"\/>\n\t\t<h3>Steam conditioning<br \/>&#038; Dampfk\u00fchler<\/h3>\t\t\t\n\t<a href=\"https:\/\/www.fluvius-flowcontrol.at\/en\/produkte\/fluvius-ueberstroemventile\/\" target=\"_self\" rel=\"noopener\"><\/a> \n\t\t\t\t<img decoding=\"async\" src=\"https:\/\/www.fluvius-flowcontrol.at\/wp-content\/uploads\/2022\/01\/nav_v2_U\u0308berstro\u0308mventile2.jpg\" alt=\"&lt;a class=&quot;uebersicht-link&quot; href=&quot;https:\/\/www.fluvius-flowcontrol.at\/produkte\/fluvius-ueberstroemventile\/&quot;&gt;\u00dcberstr\u00f6mventile&lt;\/a&gt;\" title=\"nav_v2_U\u0308berstro\u0308mventile2\" itemprop=\"image\"\/>\n\t\t<h3>Back pressure regulator<\/h3>\t\t\t\n\t<a href=\"https:\/\/www.fluvius-flowcontrol.at\/en\/produkte\/fluvius-vakuumbrecher-vakuumregler\/\" target=\"_self\" rel=\"noopener\"><\/a> \n\t\t\t\t<img decoding=\"async\" src=\"https:\/\/www.fluvius-flowcontrol.at\/wp-content\/uploads\/2022\/01\/nav_v2_9.jpg\" alt=\"&lt;a class=&quot;uebersicht-link&quot; href=&quot;https:\/\/www.fluvius-flowcontrol.at\/produkte\/fluvius-vakuumbrecher-vakuumregler\/&quot;&gt;Vakuumbrecher &amp;&lt;br&gt;Vakuumregler&lt;\/a&gt;\" title=\"nav_v2_9\" itemprop=\"image\"\/>\n\t\t<h3>Vakuumbrecher &#038; <br \/>Vacuum control valve<\/h3>\t\t\t\n\t<a href=\"https:\/\/www.fluvius-flowcontrol.at\/en\/produkte\/fluvius-beluftungsventile-und-entluftungsventile\/\" target=\"_self\" rel=\"noopener\"><\/a> \n\t\t\t\t<img decoding=\"async\" src=\"https:\/\/www.fluvius-flowcontrol.at\/wp-content\/uploads\/2022\/01\/nav_v2_8.jpg\" alt=\"&lt;a class=&quot;uebersicht-link&quot; href=&quot;https:\/\/www.fluvius-flowcontrol.at\/produkte\/fluvius-beluftungsventile-und-entluftungsventile\/&quot;&gt;Be- und &lt;br&gt;Entl\u00fcftsventile&lt;\/a&gt;\" title=\"nav_v2_8\" itemprop=\"image\"\/>\n\t\t<h3>Bleeding and <br \/>venting valves<\/h3>\t\t\t\n\t<a href=\"https:\/\/www.fluvius-flowcontrol.at\/en\/produkte\/fluvius-schwimmerventil\/\" target=\"_self\" rel=\"noopener\"><\/a> \n\t\t\t\t<img decoding=\"async\" src=\"https:\/\/www.fluvius-flowcontrol.at\/wp-content\/uploads\/2022\/01\/nav_v2_10.jpg\" alt=\"&lt;a class=&quot;uebersicht-link&quot; href=&quot;https:\/\/www.fluvius-flowcontrol.at\/produkte\/fluvius-schwimmerventil\/&quot;&gt;Schwimmerventile&lt;\/a&gt;\" title=\"nav_v2_10\" itemprop=\"image\"\/>\n\t\t<h3>Float valves<\/h3>\t\t\t\n\t<a href=\"https:\/\/www.fluvius-flowcontrol.at\/en\/produkte\/fluvius-differenzdruckregler\/\" target=\"_self\" rel=\"noopener\"><\/a> \n\t\t\t\t<img decoding=\"async\" src=\"https:\/\/www.fluvius-flowcontrol.at\/wp-content\/uploads\/2022\/01\/nav_v2_11.jpg\" alt=\"&lt;a class=&quot;uebersicht-link&quot; href=&quot;https:\/\/www.fluvius-flowcontrol.at\/produkte\/fluvius-differenzdruckregler\/&quot;&gt;Differenzdruckregler&lt;\/a&gt;\" title=\"nav_v2_11\" itemprop=\"image\"\/>\n\t\t<h3>Differential pressure regulator<\/h3>\t\t\t\n\t<a href=\"https:\/\/www.fluvius-flowcontrol.at\/en\/produkte\/fluvius-kondensatableiter-flussigkeitsabscheider\/\" target=\"_self\" rel=\"noopener\"><\/a> \n\t\t\t\t<img decoding=\"async\" src=\"https:\/\/www.fluvius-flowcontrol.at\/wp-content\/uploads\/2022\/01\/nav_v2_7.jpg\" alt=\"&lt;a class=&quot;uebersicht-link&quot; href=&quot;https:\/\/www.fluvius-flowcontrol.at\/produkte\/fluvius-kondensatableiter-flussigkeitsabscheider\/&quot;&gt;Kondensatableiter  &amp;&lt;br&gt;Fl\u00fcssigkeitsabscheider&lt;\/a&gt;\" title=\"nav_v2_7\" itemprop=\"image\"\/>\n\t\t<h3>Kondensatableiter  &#038; <br \/>Seperators<\/h3>\t\t\t\n\t<a href=\"https:\/\/www.fluvius-flowcontrol.at\/en\/produkte\/fluvius-schmutzfaenger-durchflussanzeiger\/\" target=\"_self\" rel=\"noopener\"><\/a> \n\t\t\t\t<img decoding=\"async\" src=\"https:\/\/www.fluvius-flowcontrol.at\/wp-content\/uploads\/2022\/01\/nav_v2_12.jpg\" alt=\"&lt;a class=&quot;uebersicht-link&quot; href=&quot;https:\/\/www.fluvius-flowcontrol.at\/produkte\/fluvius-schmutzfaenger-durchflussanzeiger\/&quot;&gt;Schmutzf\u00e4nger &amp;&lt;br&gt;Durchflussanzeiger&lt;\/a&gt;\" title=\"nav_v2_12\" itemprop=\"image\"\/>\n\t\t<h3>Schmutzf\u00e4nger &#038; <br \/>Sight glasses<\/h3>","protected":false},"excerpt":{"rendered":"<p>Unsere Produkte Regelventile Druckminderventile Sicherheitsventile \u00dcber- undUnterdruckventile Dampfumformventile&#038; Dampfk\u00fchler \u00dcberstr\u00f6mventile Vakuumbrecher &#038; Vakuumregler Be- und Entl\u00fcftsventile Schwimmerventile Differenzdruckregler Kondensatableiter &#038; Fl\u00fcssigkeitsabscheider Schmutzf\u00e4nger &#038; Durchflussanzeiger<\/p>","protected":false},"author":1,"featured_media":0,"parent":0,"menu_order":3,"comment_status":"closed","ping_status":"closed","template":"","meta":{"footnotes":""},"class_list":["post-12","page","type-page","status-publish","hentry"],"_links":{"self":[{"href":"https:\/\/www.fluvius-flowcontrol.at\/en\/wp-json\/wp\/v2\/pages\/12","targetHints":{"allow":["GET"]}}],"collection":[{"href":"https:\/\/www.fluvius-flowcontrol.at\/en\/wp-json\/wp\/v2\/pages"}],"about":[{"href":"https:\/\/www.fluvius-flowcontrol.at\/en\/wp-json\/wp\/v2\/types\/page"}],"author":[{"embeddable":true,"href":"https:\/\/www.fluvius-flowcontrol.at\/en\/wp-json\/wp\/v2\/users\/1"}],"replies":[{"embeddable":true,"href":"https:\/\/www.fluvius-flowcontrol.at\/en\/wp-json\/wp\/v2\/comments?post=12"}],"version-history":[{"count":24,"href":"https:\/\/www.fluvius-flowcontrol.at\/en\/wp-json\/wp\/v2\/pages\/12\/revisions"}],"predecessor-version":[{"id":3183,"href":"https:\/\/www.fluvius-flowcontrol.at\/en\/wp-json\/wp\/v2\/pages\/12\/revisions\/3183"}],"wp:attachment":[{"href":"https:\/\/www.fluvius-flowcontrol.at\/en\/wp-json\/wp\/v2\/media?parent=12"}],"curies":[{"name":"wp","href":"https:\/\/api.w.org\/{rel}","templated":true}]}}