{"id":181,"date":"2019-01-23T11:51:16","date_gmt":"2019-01-23T10:51:16","guid":{"rendered":"https:\/\/www.fluvius-flowcontrol.at\/?page_id=181"},"modified":"2020-10-28T20:35:06","modified_gmt":"2020-10-28T19:35:06","slug":"sicherheitsventile-vakuumbrecher-ueberdruckventile","status":"publish","type":"page","link":"https:\/\/www.fluvius-flowcontrol.at\/en\/produkte\/sicherheitsventile-vakuumbrecher-ueberdruckventile\/","title":{"rendered":"Process safety"},"content":{"rendered":"<h2>\n\t\tProcess safety\n\t<\/h2>\n\t<h3>SICHERHEITSVENTILE<\/h3>\n<table>\n<tbody>\n<tr>\n<td id=\"spalte1\">Funktion:<\/td>\n<td id=\"spalte2\">\u00dcberdruck-Sicherheitsventil<\/td>\n<\/tr>\n<tr>\n<td>Nennweiten:<\/td>\n<td>G1\/2 &#8211; G2 \/ DN 15 &#8211; DN400<\/td>\n<\/tr>\n<tr>\n<td>Anschl\u00fcsse:<\/td>\n<td>Gewinde, Flansche (EN\/ASME), Sonderanschl\u00fcsse<\/td>\n<\/tr>\n<tr>\n<td>Druckregelbereiche:<\/td>\n<td>0,1 &#8211; 300 bar<\/td>\n<\/tr>\n<tr>\n<td>Druckstufen:<\/td>\n<td>bis 300 bar<\/td>\n<\/tr>\n<tr>\n<td>Materials:<\/td>\n<td>Stahlguss, Edelstahl, Sonderwerkstoffe<\/td>\n<\/tr>\n<tr>\n<td>Temperature:<\/td>\n<td>bis 550 \u00b0C<\/td>\n<\/tr>\n<tr>\n<td>Medium:<\/td>\n<td>Liquids, gases, steam<\/td>\n<\/tr>\n<tr>\n<td>Aufgabe:<\/td>\n<td>Notfallventile, bei \u00dcberschreitung des max. zul\u00e4ssigen Druckes wird \u00fcbersch\u00fcssiges Medium abgelassen<\/td>\n<\/tr>\n<tr>\n<td>Datenbl\u00e4tter:<\/td>\n<td><a href=\"https:\/\/www.fluvius-flowcontrol.at\/en\/download\/1220\/\" target=\"_blank\" rel=\"noopener noreferrer\"><img decoding=\"async\" src=\"\/wp-content\/uploads\/2019\/08\/icon_file-e1566022454659.png\" width=\"40px\" \/>Download<\/a><\/td>\n<\/tr>\n<\/tbody>\n<\/table>\n\t<h3>STERIL-SICHERHEITSVENTILE<\/h3>\n<table>\n<tbody>\n<tr>\n<td id=\"spalte1\">Funktion:<\/td>\n<td id=\"spalte2\">\u00dcberdruck-Sicherheitsventil<\/td>\n<\/tr>\n<tr>\n<td>Nennweiten:<\/td>\n<td>DN15 &#8211; DN100 \/ NPS 3\/4&#8243; &#8211; NPS 4&#8243;<\/td>\n<\/tr>\n<tr>\n<td>Anschl\u00fcsse:<\/td>\n<td>Aseptik-Anschl\u00fcsse, Gewinde, Flansche, Klemmverbindungen, Schwei\u00dfenden<\/td>\n<\/tr>\n<tr>\n<td>Druckregelbereiche:<\/td>\n<td>0,1 &#8211; 68 bar<\/td>\n<\/tr>\n<tr>\n<td>Druckstufen:<\/td>\n<td>bis 68 bar<\/td>\n<\/tr>\n<tr>\n<td>Materials:<\/td>\n<td>1.4404, 1.4435, Sonderwerkstoffe<\/td>\n<\/tr>\n<tr>\n<td>Temperature:<\/td>\n<td>up to 250 \u00b0C<\/td>\n<\/tr>\n<tr>\n<td>Medium:<\/td>\n<td>Liquids, gases, steam<\/td>\n<\/tr>\n<tr>\n<td>Aufgabe:<\/td>\n<td>Notfallventile, bei \u00dcberschreitung des max. zul\u00e4ssigen Druckes wird \u00fcbersch\u00fcssiges Medium abgelassen<\/td>\n<\/tr>\n<tr>\n<td>Datenbl\u00e4tter:<\/td>\n<td><a href=\"https:\/\/www.fluvius-flowcontrol.at\/en\/download\/1220\/\" target=\"_blank\" rel=\"noopener noreferrer\"><img decoding=\"async\" src=\"\/wp-content\/uploads\/2019\/08\/icon_file-e1566022454659.png\" width=\"40px\" \/>Download<\/a><\/td>\n<\/tr>\n<\/tbody>\n<\/table>\n\t<h3>VAKUUMBRECHER<\/h3>\n<table>\n<tbody>\n<tr>\n<td id=\"spalte1\">Funktion:<\/td>\n<td id=\"spalte2\">Unterdruckbegrenzung<\/td>\n<\/tr>\n<tr>\n<td>Nennweiten:<\/td>\n<td>DN15 &#8211; DN250<\/td>\n<\/tr>\n<tr>\n<td>Anschl\u00fcsse:<\/td>\n<td>Gewinde, Flansche (EN\/ASME), Sonderanschl\u00fcsse<\/td>\n<\/tr>\n<tr>\n<td>Druckregelbereiche:<\/td>\n<td>0,05 &#8211; 0,95 bar (abs.)<\/td>\n<\/tr>\n<tr>\n<td>Kvs:<\/td>\n<td>1,2 &#8211; 388 m\u00b3\/h<\/td>\n<\/tr>\n<tr>\n<td>Druckstufen:<\/td>\n<td>up to 40 bar<\/td>\n<\/tr>\n<tr>\n<td>Materials:<\/td>\n<td>Stahlguss, Edelstahl, Sonderwerkstoffe<\/td>\n<\/tr>\n<tr>\n<td>Temperature:<\/td>\n<td>bis 300 \u00b0C<\/td>\n<\/tr>\n<tr>\n<td>Medium:<\/td>\n<td>Liquids, gases, steam<\/td>\n<\/tr>\n<tr>\n<td>Aufgabe:<\/td>\n<td>Unterdruckbegrenzung von Rohrleitungen und Beh\u00e4ltern<\/td>\n<\/tr>\n<tr>\n<td>Datenbl\u00e4tter:<\/td>\n<td><a href=\"https:\/\/www.fluvius-flowcontrol.at\/en\/download\/1211\/\" target=\"_blank\" rel=\"noopener noreferrer\"><img decoding=\"async\" src=\"\/wp-content\/uploads\/2019\/08\/icon_file-e1566022454659.png\" width=\"40px\" \/>Download<\/a><\/td>\n<\/tr>\n<\/tbody>\n<\/table>\n\t<h3>INERTISIERUNG, TANK\u00dcBERLAGERUNG<\/h3>\n<table>\n<tbody>\n<tr>\n<td id=\"spalte1\">Funktion:<\/td>\n<td id=\"spalte2\">Druckregelung des \u00dcberlagerungsgases<br \/>\nDruckmider- und \u00dcberstr\u00f6mventile<\/td>\n<\/tr>\n<tr>\n<td>Nennweiten:<\/td>\n<td>G1\/2 &#8211; G2 \/ DN 15 &#8211; DN150<\/td>\n<\/tr>\n<tr>\n<td>Anschl\u00fcsse:<\/td>\n<td>Gewinde, Flansche (EN\/ASME), Sonderanschl\u00fcsse<\/td>\n<\/tr>\n<tr>\n<td>Druckregelbereiche:<\/td>\n<td>0,002 &#8211; 0,52 (12) bar<\/td>\n<\/tr>\n<tr>\n<td>Druckstufen:<\/td>\n<td>bis 16 bar<\/td>\n<\/tr>\n<tr>\n<td>Materials:<\/td>\n<td>Stahlguss, Edelstahl, Sonderwerkstoffe<\/td>\n<\/tr>\n<tr>\n<td>Temperature:<\/td>\n<td>up to 130 \u00b0C<\/td>\n<\/tr>\n<tr>\n<td>Medium:<\/td>\n<td>Gases<\/td>\n<\/tr>\n<tr>\n<td>Aufgabe:<\/td>\n<td>Schutz vor unferw\u00fcnschten chemischen Reaktionen durch Tank\u00fcberlagerung<\/td>\n<\/tr>\n<tr>\n<td>Datenbl\u00e4tter:<\/td>\n<td><a href=\"https:\/\/www.fluvius-flowcontrol.at\/en\/download\/1165\/\" target=\"_blank\" rel=\"noopener noreferrer\"><img decoding=\"async\" src=\"\/wp-content\/uploads\/2019\/08\/icon_file-e1566022454659.png\" width=\"40px\" \/>Download<\/a><\/td>\n<\/tr>\n<\/tbody>\n<\/table>\n\t<h3>\u00dcBER- UND UNTERDRUCKVENTILE<\/h3>\n<table>\n<tbody>\n<tr>\n<td id=\"spalte1\">Funktion:<\/td>\n<td id=\"spalte2\">Gewichtsbelastete Be- und Entl\u00fcftungsventile<\/td>\n<\/tr>\n<tr>\n<td>Nennweiten:<\/td>\n<td>DN50 &#8211; DN300<\/td>\n<\/tr>\n<tr>\n<td>Anschl\u00fcsse:<\/td>\n<td>Flansche, Sonderanschl\u00fcsse<\/td>\n<\/tr>\n<tr>\n<td>Druckbereiche \u00dcberdruck:<\/td>\n<td>2,5 bis 50 mbar (450 mbar)<\/td>\n<\/tr>\n<tr>\n<td>Druckbereiche Unterdruck:<\/td>\n<td>-2,5 bis -30 mbar (-300 mbar)<\/td>\n<\/tr>\n<tr>\n<td>Druckstufen:<\/td>\n<td>bis 16 bar<\/td>\n<\/tr>\n<tr>\n<td>Materials:<\/td>\n<td>Aluminium, Stahlguss, Edelstahl, Sonderwerkstoffe<\/td>\n<\/tr>\n<tr>\n<td>Temperature:<\/td>\n<td>bis 130 (200) \u00b0C<\/td>\n<\/tr>\n<tr>\n<td>Medium:<\/td>\n<td>Gases<\/td>\n<\/tr>\n<tr>\n<td>Aufgabe:<\/td>\n<td>Be- und Entl\u00fcftung von Beh\u00e4ltern<\/td>\n<\/tr>\n<tr>\n<td>Datenbl\u00e4tter:<\/td>\n<td><a href=\"https:\/\/www.fluvius-flowcontrol.at\/en\/download\/1224\/\" target=\"_blank\" rel=\"noopener noreferrer\"><img decoding=\"async\" src=\"\/wp-content\/uploads\/2019\/08\/icon_file-e1566022454659.png\" width=\"40px\" \/>Download<\/a><\/td>\n<\/tr>\n<\/tbody>\n<\/table>\n\t<h3>DRUCKENTLASTUNGSVENTILE<\/h3>\n<table>\n<tbody>\n<tr>\n<td id=\"spalte1\">Funktion:<\/td>\n<td id=\"spalte2\">Drucksto\u00df-Entlastungsventil<\/td>\n<\/tr>\n<tr>\n<td>Nennweiten:<\/td>\n<td>DN80 &#8211; DN400<\/td>\n<\/tr>\n<tr>\n<td>Anschl\u00fcsse:<\/td>\n<td>Flansche, Sonderanschl\u00fcsse<\/td>\n<\/tr>\n<tr>\n<td>Druckregelbereiche:<\/td>\n<td>max. 160 bar<\/td>\n<\/tr>\n<tr>\n<td>Kvs:<\/td>\n<td>120 &#8211; 2400 m\u00b3\/h<\/td>\n<\/tr>\n<tr>\n<td>Druckstufen:<\/td>\n<td>bis 160 bar<\/td>\n<\/tr>\n<tr>\n<td>Materials:<\/td>\n<td>Schwei\u00dfkonstruktion, Sonderwerkstoffe<\/td>\n<\/tr>\n<tr>\n<td>Temperature:<\/td>\n<td>up to 130 \u00b0C<\/td>\n<\/tr>\n<tr>\n<td>Medium:<\/td>\n<td>Liquids up to 130 \u00b0C<\/td>\n<\/tr>\n<tr>\n<td>Aufgabe:<\/td>\n<td>Abbau von dynamischen Druckspitzen im Rohrleitungssystem.<\/td>\n<\/tr>\n<\/tbody>\n<\/table>\n\t<h3>SICHERHEITSABSPERR- UND SCHNELLSCHLUSSVENTILE<\/h3>\n<table>\n<tbody>\n<tr>\n<td id=\"spalte1\">Funktion:<\/td>\n<td id=\"spalte2\">Automatische Sicherheitsabsperrventile<\/td>\n<\/tr>\n<tr>\n<td>Nennweiten:<\/td>\n<td>DN15 &#8211; DN300<\/td>\n<\/tr>\n<tr>\n<td>Anschl\u00fcsse:<\/td>\n<td>Flansche (EN\/ASME), Sonderanschl\u00fcsse<\/td>\n<\/tr>\n<tr>\n<td>Druckstufen:<\/td>\n<td>up to 40 bar<\/td>\n<\/tr>\n<tr>\n<td>Materials:<\/td>\n<td>Stahlguss, Edelstahl, Sonderwerkstoffe<\/td>\n<\/tr>\n<tr>\n<td>Temperature:<\/td>\n<td>bis 400 \u00b0C<\/td>\n<\/tr>\n<tr>\n<td>Medium:<\/td>\n<td>Liquids, gases, steam<\/td>\n<\/tr>\n<tr>\n<td>Antriebe:<\/td>\n<td>selbstt\u00e4tig, pneumatisch<\/td>\n<\/tr>\n<tr>\n<td>Aufgabe:<\/td>\n<td>Sichere und schnelle Absperrung von Rohrleitungen bei Auftreten von unerw\u00fcnschten Betriebszust\u00e4nden.<\/td>\n<\/tr>\n<\/tbody>\n<\/table>\n\t<h3>ROHRBRUCH-ABSPERRVENTILE<\/h3>\n<table>\n<tbody>\n<tr>\n<td id=\"spalte1\">Funktion:<\/td>\n<td id=\"spalte2\">Selbstt\u00e4tiges Rohrbruch-Absperrventil<\/td>\n<\/tr>\n<tr>\n<td>Nennweiten:<\/td>\n<td>G1\/2 &#8211; G2 \/ DN15 &#8211; DN100<\/td>\n<\/tr>\n<tr>\n<td>Anschl\u00fcsse:<\/td>\n<td>Gewinde, Flansche, Sonderanschl\u00fcsse<\/td>\n<\/tr>\n<tr>\n<td>Kvs:<\/td>\n<td>5 &#8211; 65 m\u00b3\/h<\/td>\n<\/tr>\n<tr>\n<td>Druckstufen:<\/td>\n<td>up to 40 bar<\/td>\n<\/tr>\n<tr>\n<td>Materials:<\/td>\n<td>Stahlguss, Edelstahl, Sonderwerkstoffe<\/td>\n<\/tr>\n<tr>\n<td>Temperature:<\/td>\n<td>up to 130 \u00b0C<\/td>\n<\/tr>\n<tr>\n<td>Medium:<\/td>\n<td>Liquids up to 130 \u00b0C<\/td>\n<\/tr>\n<tr>\n<td>Aufgabe:<\/td>\n<td>Selbstt\u00e4tige Rohrleitungsabsperrung beim \u00dcberschreiten eines eingestellten Differenzdruckes.<\/td>\n<\/tr>\n<\/tbody>\n<\/table>\n\t<h3>PUMPENSCHUTZVENTILE<\/h3>\n<table>\n<tbody>\n<tr>\n<td id=\"spalte1\">Funktion:<\/td>\n<td id=\"spalte2\">Mindenstmengen-, Druckhalte- und Bypassventile<\/td>\n<\/tr>\n<tr>\n<td>Nennweiten:<\/td>\n<td>DN15 &#8211; DN400<\/td>\n<\/tr>\n<tr>\n<td>Anschl\u00fcsse:<\/td>\n<td>Flansche (EN\/ASME), Sonderanschl\u00fcsse<\/td>\n<\/tr>\n<tr>\n<td>Druckstufen:<\/td>\n<td>bis 100 bar<\/td>\n<\/tr>\n<tr>\n<td>Materials:<\/td>\n<td>Stahlguss, Edelstahl, Sonderwerkstoffe<\/td>\n<\/tr>\n<tr>\n<td>Temperature:<\/td>\n<td>bis 400 \u00b0C<\/td>\n<\/tr>\n<tr>\n<td>Medium:<\/td>\n<td>Liquids, gases, steam<\/td>\n<\/tr>\n<tr>\n<td>Antriebe:<\/td>\n<td>selbstt\u00e4tig<\/td>\n<\/tr>\n<tr>\n<td>Aufgabe:<\/td>\n<td>Sch\u00fctzen Pumpen vor Sch\u00e4den, die durch Unterschreitung der Mindestmenge und des Mindestgegendruckes, sowie durch \u00dcberschreitung des \u00dcberdruckes auftreten k\u00f6nnen.<\/td>\n<\/tr>\n<\/tbody>\n<\/table>","protected":false},"excerpt":{"rendered":"<p>Prozesssicherheit SICHERHEITSVENTILE Funktion: \u00dcberdruck-Sicherheitsventil Nennweiten: G1\/2 &#8211; G2 \/ DN 15 &#8211; DN400 Anschl\u00fcsse: Gewinde, Flansche (EN\/ASME), Sonderanschl\u00fcsse Druckregelbereiche: 0,1 &#8211; 300 bar Druckstufen: bis 300 bar Werkstoffe: Stahlguss, Edelstahl, Sonderwerkstoffe Temperaturbereiche: bis 550 \u00b0C Medium: Fl\u00fcssigkeiten, Gase, Dampf Aufgabe: Notfallventile, bei \u00dcberschreitung des max. zul\u00e4ssigen Druckes wird \u00fcbersch\u00fcssiges Medium abgelassen Datenbl\u00e4tter: Download STERIL-SICHERHEITSVENTILE Funktion:&hellip;<\/p>","protected":false},"author":1,"featured_media":0,"parent":12,"menu_order":17,"comment_status":"closed","ping_status":"closed","template":"","meta":{"footnotes":""},"class_list":["post-181","page","type-page","status-publish","hentry"],"_links":{"self":[{"href":"https:\/\/www.fluvius-flowcontrol.at\/en\/wp-json\/wp\/v2\/pages\/181","targetHints":{"allow":["GET"]}}],"collection":[{"href":"https:\/\/www.fluvius-flowcontrol.at\/en\/wp-json\/wp\/v2\/pages"}],"about":[{"href":"https:\/\/www.fluvius-flowcontrol.at\/en\/wp-json\/wp\/v2\/types\/page"}],"author":[{"embeddable":true,"href":"https:\/\/www.fluvius-flowcontrol.at\/en\/wp-json\/wp\/v2\/users\/1"}],"replies":[{"embeddable":true,"href":"https:\/\/www.fluvius-flowcontrol.at\/en\/wp-json\/wp\/v2\/comments?post=181"}],"version-history":[{"count":18,"href":"https:\/\/www.fluvius-flowcontrol.at\/en\/wp-json\/wp\/v2\/pages\/181\/revisions"}],"predecessor-version":[{"id":1726,"href":"https:\/\/www.fluvius-flowcontrol.at\/en\/wp-json\/wp\/v2\/pages\/181\/revisions\/1726"}],"up":[{"embeddable":true,"href":"https:\/\/www.fluvius-flowcontrol.at\/en\/wp-json\/wp\/v2\/pages\/12"}],"wp:attachment":[{"href":"https:\/\/www.fluvius-flowcontrol.at\/en\/wp-json\/wp\/v2\/media?parent=181"}],"curies":[{"name":"wp","href":"https:\/\/api.w.org\/{rel}","templated":true}]}}