{"id":186,"date":"2019-01-23T11:51:33","date_gmt":"2019-01-23T10:51:33","guid":{"rendered":"https:\/\/www.fluvius-flowcontrol.at\/?page_id=186"},"modified":"2019-02-26T08:28:33","modified_gmt":"2019-02-26T07:28:33","slug":"sonderloesungen","status":"publish","type":"page","link":"https:\/\/www.fluvius-flowcontrol.at\/en\/produkte\/sonderloesungen\/","title":{"rendered":"Sonderl\u00f6sungen"},"content":{"rendered":"<h2>\n\t\tSonderl\u00f6sungen\n\t<\/h2>\n\t<p>Ihre Betriebsdaten bestimmen die L\u00f6sung.<\/p>\n<p>Kundenspezifische Sonderl\u00f6sungen sind individuell entwickelte L\u00f6sungen f\u00fcr kundenseitige Sonderanforderungen.<\/p>\n<p>Wir pr\u00fcfen bei jeder Anfrage die kundenspezifischen technischen Betriebsdaten und\u00a0empfehlen daraufhin eine technische L\u00f6sung. Erfordern die Betriebsdaten L\u00f6sungen, welche nicht mit\u00a0Standardbaureihen von uns realisierbar sind, entwickeln unsere Ingenieure gerne Sonderl\u00f6sungen\u00a0im Sinne der Kundenanfrage.<\/p>\n<p>Entdecken Sie auch hier unsere St\u00e4rke und fragen Sie uns an.<\/p>\n\t\t\t\t<img loading=\"lazy\" decoding=\"async\" src=\"https:\/\/www.fluvius-flowcontrol.at\/wp-content\/uploads\/2019\/02\/Sonderl\u00f6sungen_ring-3.png\" alt=\"Sonderl\u00f6sungen_ring-3\" itemprop=\"image\" height=\"635\" width=\"1031\" title=\"Sonderl\u00f6sungen_ring-3\" onerror=\"this.style.display='none'\"  \/>","protected":false},"excerpt":{"rendered":"<p>Sonderl\u00f6sungen Ihre Betriebsdaten bestimmen die L\u00f6sung. Kundenspezifische Sonderl\u00f6sungen sind individuell entwickelte L\u00f6sungen f\u00fcr kundenseitige Sonderanforderungen. Wir pr\u00fcfen bei jeder Anfrage die kundenspezifischen technischen Betriebsdaten und\u00a0empfehlen daraufhin eine technische L\u00f6sung. Erfordern die Betriebsdaten L\u00f6sungen, welche nicht mit\u00a0Standardbaureihen von uns realisierbar sind, entwickeln unsere Ingenieure gerne Sonderl\u00f6sungen\u00a0im Sinne der Kundenanfrage. Entdecken Sie auch hier unsere St\u00e4rke und&hellip;<\/p>","protected":false},"author":1,"featured_media":0,"parent":12,"menu_order":23,"comment_status":"closed","ping_status":"closed","template":"","meta":{"footnotes":""},"class_list":["post-186","page","type-page","status-publish","hentry"],"_links":{"self":[{"href":"https:\/\/www.fluvius-flowcontrol.at\/en\/wp-json\/wp\/v2\/pages\/186","targetHints":{"allow":["GET"]}}],"collection":[{"href":"https:\/\/www.fluvius-flowcontrol.at\/en\/wp-json\/wp\/v2\/pages"}],"about":[{"href":"https:\/\/www.fluvius-flowcontrol.at\/en\/wp-json\/wp\/v2\/types\/page"}],"author":[{"embeddable":true,"href":"https:\/\/www.fluvius-flowcontrol.at\/en\/wp-json\/wp\/v2\/users\/1"}],"replies":[{"embeddable":true,"href":"https:\/\/www.fluvius-flowcontrol.at\/en\/wp-json\/wp\/v2\/comments?post=186"}],"version-history":[{"count":4,"href":"https:\/\/www.fluvius-flowcontrol.at\/en\/wp-json\/wp\/v2\/pages\/186\/revisions"}],"predecessor-version":[{"id":823,"href":"https:\/\/www.fluvius-flowcontrol.at\/en\/wp-json\/wp\/v2\/pages\/186\/revisions\/823"}],"up":[{"embeddable":true,"href":"https:\/\/www.fluvius-flowcontrol.at\/en\/wp-json\/wp\/v2\/pages\/12"}],"wp:attachment":[{"href":"https:\/\/www.fluvius-flowcontrol.at\/en\/wp-json\/wp\/v2\/media?parent=186"}],"curies":[{"name":"wp","href":"https:\/\/api.w.org\/{rel}","templated":true}]}}