{"id":2103,"date":"2021-07-03T14:53:39","date_gmt":"2021-07-03T12:53:39","guid":{"rendered":"https:\/\/www.fluvius-flowcontrol.at\/?page_id=2103"},"modified":"2023-05-28T10:28:43","modified_gmt":"2023-05-28T08:28:43","slug":"sicherheitsventile-pilotgesteuerte-ventile","status":"publish","type":"page","link":"https:\/\/www.fluvius-flowcontrol.at\/en\/produkte\/fluvius-sicherheitsventile\/sicherheitsventile-pilotgesteuerte-ventile\/","title":{"rendered":"Sicherheitsventile Pilotgesteuerte Ventile"},"content":{"rendered":"<h2>\n\t\tSafety valves\n\t<\/h2>\n\t\t\t<a href=\"https:\/\/www.fluvius-flowcontrol.at\/en\/download\/1220\/\" target=\"_blank\" role=\"button\" rel=\"noopener\">\n\t\t\t\t\t\tBrochure safety valves\n\t\t\t\t\t<\/a>\n\t\t\t<div class=\"fl-builder-content fl-builder-content-3245 fl-builder-template fl-builder-layout-template fl-builder-global-templates-locked\" data-post-id=\"3245\"><div class=\"fl-row fl-row-fixed-width fl-row-bg-none fl-node-q5oajmkdue61 fl-row-default-height fl-row-align-center\" data-node=\"q5oajmkdue61\">\n\t<div class=\"fl-row-content-wrap\">\n\t\t\t\t\t\t\t\t<div class=\"fl-row-content fl-row-fixed-width fl-node-content\">\n\t\t\n<div class=\"fl-col-group fl-node-rd8k6x5npztc\" data-node=\"rd8k6x5npztc\">\n\t\t\t<div class=\"fl-col fl-node-26eao0tqxid7 fl-col-bg-color\" data-node=\"26eao0tqxid7\">\n\t<div class=\"fl-col-content fl-node-content\"><div class=\"fl-module fl-module-heading fl-node-6jus2g87nlad\" data-node=\"6jus2g87nlad\">\n\t<div class=\"fl-module-content fl-node-content\">\n\t\t<h2 class=\"fl-heading\">\n\t\t<span class=\"fl-heading-text\"><\/span>\n\t<\/h2>\n\t<\/div>\n<\/div>\n<\/div>\n<\/div>\n\t<\/div>\n\n<div class=\"fl-col-group fl-node-yrc6n3kmvtua\" data-node=\"yrc6n3kmvtua\">\n\t\t\t<div class=\"fl-col fl-node-fbeyqwrtzjxk fl-col-bg-color\" data-node=\"fbeyqwrtzjxk\">\n\t<div class=\"fl-col-content fl-node-content\"><div class=\"fl-module fl-module-uabb-contact-form7 fl-node-st2gakxb1lhy form-datenblatt-anfordern\" data-node=\"st2gakxb1lhy\">\n\t<div class=\"fl-module-content fl-node-content\">\n\t\t\n<div class=\"uabb-cf7-style uabb-cf7-form-style1\">\n\t\n\t\t\n<div class=\"wpcf7 no-js\" id=\"wpcf7-f3241-o1\" lang=\"de-DE\" dir=\"ltr\" data-wpcf7-id=\"3241\">\n<div class=\"screen-reader-response\"><p role=\"status\" aria-live=\"polite\" aria-atomic=\"true\"><\/p> <ul><\/ul><\/div>\n<form action=\"\/en\/wp-json\/wp\/v2\/pages\/2103#wpcf7-f3241-o1\" method=\"post\" class=\"wpcf7-form init\" aria-label=\"Contact\" novalidate=\"novalidate\" data-status=\"init\" data-trp-original-action=\"\/en\/wp-json\/wp\/v2\/pages\/2103#wpcf7-f3241-o1\">\n<fieldset class=\"hidden-fields-container\"><input type=\"hidden\" name=\"_wpcf7\" value=\"3241\" \/><input type=\"hidden\" name=\"_wpcf7_version\" value=\"6.1.5\" \/><input type=\"hidden\" name=\"_wpcf7_locale\" value=\"de_DE\" \/><input type=\"hidden\" name=\"_wpcf7_unit_tag\" value=\"wpcf7-f3241-o1\" \/><input type=\"hidden\" name=\"_wpcf7_container_post\" value=\"0\" \/><input type=\"hidden\" name=\"_wpcf7_posted_data_hash\" value=\"\" \/>\n<\/fieldset>\n<div class=\"topline-100-center\">\n\t<p>Request data sheet\n\t<\/p>\n<\/div>\n<p><span class=\"wpcf7-form-control-wrap\" data-name=\"Name\"><input size=\"40\" maxlength=\"400\" class=\"wpcf7-form-control wpcf7-text wpcf7-validates-as-required\" aria-required=\"true\" aria-invalid=\"false\" placeholder=\"Name\" value=\"\" type=\"text\" name=\"Name\" \/><\/span><br \/>\n<span class=\"wpcf7-form-control-wrap\" data-name=\"Mail\"><input size=\"40\" maxlength=\"400\" class=\"wpcf7-form-control wpcf7-email wpcf7-validates-as-required wpcf7-text wpcf7-validates-as-email\" aria-required=\"true\" aria-invalid=\"false\" placeholder=\"Mail\" value=\"\" type=\"email\" name=\"Mail\" \/><\/span><br \/>\n<span class=\"wpcf7-form-control-wrap\" data-name=\"tel-186\"><input size=\"40\" maxlength=\"400\" class=\"wpcf7-form-control wpcf7-tel wpcf7-text wpcf7-validates-as-tel\" aria-invalid=\"false\" placeholder=\"Phone\" value=\"\" type=\"tel\" name=\"tel-186\" \/><\/span><br \/>\n<span><br \/>\n<\/span><br \/>\n<span class=\"wpcf7-form-control-wrap\" data-name=\"acceptance-324\"><span class=\"wpcf7-form-control wpcf7-acceptance\"><span class=\"wpcf7-list-item\"><label><input type=\"checkbox\" name=\"acceptance-324\" value=\"1\" aria-invalid=\"false\" \/><span class=\"wpcf7-list-item-label\"><span class=\"Datenschutz\">I confirm that I have taken note of the privacy policy. I agree that my information and data will be collected and stored electronically to respond to my inquiry. <br>Please note: You have the option to withdraw your consent at any time in the future by email.<\/span><\/span><\/label><\/span><\/span><\/span>\n<\/p>\n<p><input class=\"wpcf7-form-control wpcf7-submit has-spinner\" type=\"submit\" value=\"Request data sheet\" \/>\n<\/p><div class=\"wpcf7-response-output\" aria-hidden=\"true\"><\/div>\n<input type=\"hidden\" name=\"trp-form-language\" value=\"en\"\/><\/form>\n<\/div>\n\n<\/div>\n\t<\/div>\n<\/div>\n<\/div>\n<\/div>\n\t<\/div>\n\t\t<\/div>\n\t<\/div>\n<\/div>\n<\/div><div class=\"uabb-js-breakpoint\" style=\"display: none;\"><\/div>\t\t\t\n\t\t\t<a href=\"\/en\/void(0)\/\" target=\"_self\" aria-label=\"Request data sheet\" rel=\"noopener\">\n\t\t\t\t\t\t\t\t\t\t\tRequest data sheet\n\t\t<\/a>\n<h4>\n\t\tPilot-operated safety valve \n\t<\/h4>\n<h4>\n\t\tSV 700<br \/>\n\t<\/h4>\n\t\t<h4>Dimensions<\/h4>\t\t\n\t\t\t<p>DN 25 &#8211; 200<\/p>\n\t\t<h4>Nominal pressure<\/h4>\t\t\n\t\t\t<p>PN 16 &#8211; 400<\/p>\n\t\t<h4>Temperature<\/h4>\t\t\n\t\t\t<p>288 \u00b0C<\/p>\n\t\t<h4>Setting ranges<\/h4>\t\t\n\t\t\t<p>1 &#8211; 400 bar<\/p>\n\t<p>Application<\/p>\n\t<ul>\n<li>Liquids, gases, steam<\/li>\n<\/ul>\n\t<p>Standard<\/p>\n\t<ul>\n<li>Anschluss: Flansch DN 25 &#8211; 200<\/li>\n<li>Ansprechdruck: 1 &#8211; 400 bar<\/li>\n<li>Body material: carbon steel, stainless steel<\/li>\n<li>Trim materials: stainless steel<\/li>\n<li>Pilot valve made of steel or stainless steel<\/li>\n<li>Disc gasket: metal<\/li>\n<li>Design acc. to ISO 4126-4, API 520\/521\/526\/527, ASME Sect.VIII.<\/li>\n<\/ul>\n\t<p>Options:<\/p>\n\t<ul>\n<li>Soft seals EPMD, FKM, FFKM, PEEK, NBR<\/li>\n<li>Field test connection<\/li>\n<li>Back flow preventer<\/li>\n<li>Pilot supply filter<\/li>\n<li>Manual unloader<\/li>\n<li>Pilot lift lever<\/li>\n<li>Special materials and connections<\/li>\n<li>Special materials for hazardous applications<\/li>\n<\/ul>","protected":false},"excerpt":{"rendered":"<p>Sicherheitsventile Prospekt Sicherheitsventile Datenblatt anfordern pilotgesteuerte Sicherheitsventile SV 700 Nennweite DN 25 &#8211; 200 Nenndruck PN 16 &#8211; 400 Temperatur 288 \u00b0C Ansprechdruck 1 &#8211; 400 bar Einsatzmedium: Fl\u00fcssigkeiten, Gase, Dampf Standardausf\u00fchrung: Anschluss: Flansch DN 25 &#8211; 200 Ansprechdruck: 1 &#8211; 400 bar Geh\u00e4use aus Guss oder Edelstahl Innenteile aus Edelstahl Pilotventil aus Stahl oder&hellip;<\/p>","protected":false},"author":2,"featured_media":0,"parent":2099,"menu_order":5,"comment_status":"closed","ping_status":"closed","template":"","meta":{"footnotes":""},"class_list":["post-2103","page","type-page","status-publish","hentry"],"_links":{"self":[{"href":"https:\/\/www.fluvius-flowcontrol.at\/en\/wp-json\/wp\/v2\/pages\/2103","targetHints":{"allow":["GET"]}}],"collection":[{"href":"https:\/\/www.fluvius-flowcontrol.at\/en\/wp-json\/wp\/v2\/pages"}],"about":[{"href":"https:\/\/www.fluvius-flowcontrol.at\/en\/wp-json\/wp\/v2\/types\/page"}],"author":[{"embeddable":true,"href":"https:\/\/www.fluvius-flowcontrol.at\/en\/wp-json\/wp\/v2\/users\/2"}],"replies":[{"embeddable":true,"href":"https:\/\/www.fluvius-flowcontrol.at\/en\/wp-json\/wp\/v2\/comments?post=2103"}],"version-history":[{"count":6,"href":"https:\/\/www.fluvius-flowcontrol.at\/en\/wp-json\/wp\/v2\/pages\/2103\/revisions"}],"predecessor-version":[{"id":3426,"href":"https:\/\/www.fluvius-flowcontrol.at\/en\/wp-json\/wp\/v2\/pages\/2103\/revisions\/3426"}],"up":[{"embeddable":true,"href":"https:\/\/www.fluvius-flowcontrol.at\/en\/wp-json\/wp\/v2\/pages\/2099"}],"wp:attachment":[{"href":"https:\/\/www.fluvius-flowcontrol.at\/en\/wp-json\/wp\/v2\/media?parent=2103"}],"curies":[{"name":"wp","href":"https:\/\/api.w.org\/{rel}","templated":true}]}}