{"id":2881,"date":"2021-12-18T13:08:47","date_gmt":"2021-12-18T12:08:47","guid":{"rendered":"https:\/\/www.fluvius-flowcontrol.at\/?page_id=2881"},"modified":"2023-05-28T10:50:09","modified_gmt":"2023-05-28T08:50:09","slug":"schwimmerventile-fuer-behaelteranbau","status":"publish","type":"page","link":"https:\/\/www.fluvius-flowcontrol.at\/en\/produkte\/fluvius-schwimmerventil\/schwimmerventile-fuer-behaelteranbau\/","title":{"rendered":"Schwimmerventile f\u00fcr Beh\u00e4lteranbau"},"content":{"rendered":"<h2>\n\t\tFloat valves\n\t<\/h2>\n\t\t\t<a href=\"https:\/\/www.fluvius-flowcontrol.at\/en\/download\/1189\/\" target=\"_blank\" role=\"button\" rel=\"noopener\">\n\t\t\t\t\t\tBrochure float valves\n\t\t\t\t\t<\/a>\n\t\t\t<div class=\"fl-builder-content fl-builder-content-3245 fl-builder-template fl-builder-layout-template fl-builder-global-templates-locked\" data-post-id=\"3245\"><div class=\"fl-row fl-row-fixed-width fl-row-bg-none fl-node-q5oajmkdue61 fl-row-default-height fl-row-align-center\" data-node=\"q5oajmkdue61\">\n\t<div class=\"fl-row-content-wrap\">\n\t\t\t\t\t\t\t\t<div class=\"fl-row-content fl-row-fixed-width fl-node-content\">\n\t\t\n<div class=\"fl-col-group fl-node-rd8k6x5npztc\" data-node=\"rd8k6x5npztc\">\n\t\t\t<div class=\"fl-col fl-node-26eao0tqxid7 fl-col-bg-color\" data-node=\"26eao0tqxid7\">\n\t<div class=\"fl-col-content fl-node-content\"><div class=\"fl-module fl-module-heading fl-node-6jus2g87nlad\" data-node=\"6jus2g87nlad\">\n\t<div class=\"fl-module-content fl-node-content\">\n\t\t<h2 class=\"fl-heading\">\n\t\t<span class=\"fl-heading-text\"><\/span>\n\t<\/h2>\n\t<\/div>\n<\/div>\n<\/div>\n<\/div>\n\t<\/div>\n\n<div class=\"fl-col-group fl-node-yrc6n3kmvtua\" data-node=\"yrc6n3kmvtua\">\n\t\t\t<div class=\"fl-col fl-node-fbeyqwrtzjxk fl-col-bg-color\" data-node=\"fbeyqwrtzjxk\">\n\t<div class=\"fl-col-content fl-node-content\"><div class=\"fl-module fl-module-uabb-contact-form7 fl-node-st2gakxb1lhy form-datenblatt-anfordern\" data-node=\"st2gakxb1lhy\">\n\t<div class=\"fl-module-content fl-node-content\">\n\t\t\n<div class=\"uabb-cf7-style uabb-cf7-form-style1\">\n\t\n\t\t\n<div class=\"wpcf7 no-js\" id=\"wpcf7-f3241-o1\" lang=\"de-DE\" dir=\"ltr\" data-wpcf7-id=\"3241\">\n<div class=\"screen-reader-response\"><p role=\"status\" aria-live=\"polite\" aria-atomic=\"true\"><\/p> <ul><\/ul><\/div>\n<form action=\"\/en\/wp-json\/wp\/v2\/pages\/2881#wpcf7-f3241-o1\" method=\"post\" class=\"wpcf7-form init\" aria-label=\"Contact\" novalidate=\"novalidate\" data-status=\"init\" data-trp-original-action=\"\/en\/wp-json\/wp\/v2\/pages\/2881#wpcf7-f3241-o1\">\n<fieldset class=\"hidden-fields-container\"><input type=\"hidden\" name=\"_wpcf7\" value=\"3241\" \/><input type=\"hidden\" name=\"_wpcf7_version\" value=\"6.1.5\" \/><input type=\"hidden\" name=\"_wpcf7_locale\" value=\"de_DE\" \/><input type=\"hidden\" name=\"_wpcf7_unit_tag\" value=\"wpcf7-f3241-o1\" \/><input type=\"hidden\" name=\"_wpcf7_container_post\" value=\"0\" \/><input type=\"hidden\" name=\"_wpcf7_posted_data_hash\" value=\"\" \/>\n<\/fieldset>\n<div class=\"topline-100-center\">\n\t<p>Request data sheet\n\t<\/p>\n<\/div>\n<p><span class=\"wpcf7-form-control-wrap\" data-name=\"Name\"><input size=\"40\" maxlength=\"400\" class=\"wpcf7-form-control wpcf7-text wpcf7-validates-as-required\" aria-required=\"true\" aria-invalid=\"false\" placeholder=\"Name\" value=\"\" type=\"text\" name=\"Name\" \/><\/span><br \/>\n<span class=\"wpcf7-form-control-wrap\" data-name=\"Mail\"><input size=\"40\" maxlength=\"400\" class=\"wpcf7-form-control wpcf7-email wpcf7-validates-as-required wpcf7-text wpcf7-validates-as-email\" aria-required=\"true\" aria-invalid=\"false\" placeholder=\"Mail\" value=\"\" type=\"email\" name=\"Mail\" \/><\/span><br \/>\n<span class=\"wpcf7-form-control-wrap\" data-name=\"tel-186\"><input size=\"40\" maxlength=\"400\" class=\"wpcf7-form-control wpcf7-tel wpcf7-text wpcf7-validates-as-tel\" aria-invalid=\"false\" placeholder=\"Phone\" value=\"\" type=\"tel\" name=\"tel-186\" \/><\/span><br \/>\n<span><br \/>\n<\/span><br \/>\n<span class=\"wpcf7-form-control-wrap\" data-name=\"acceptance-324\"><span class=\"wpcf7-form-control wpcf7-acceptance\"><span class=\"wpcf7-list-item\"><label><input type=\"checkbox\" name=\"acceptance-324\" value=\"1\" aria-invalid=\"false\" \/><span class=\"wpcf7-list-item-label\"><span class=\"Datenschutz\">I confirm that I have taken note of the privacy policy. I agree that my information and data will be collected and stored electronically to respond to my inquiry. <br>Please note: You have the option to withdraw your consent at any time in the future by email.<\/span><\/span><\/label><\/span><\/span><\/span>\n<\/p>\n<p><input class=\"wpcf7-form-control wpcf7-submit has-spinner\" type=\"submit\" value=\"Request data sheet\" \/>\n<\/p><div class=\"wpcf7-response-output\" aria-hidden=\"true\"><\/div>\n<input type=\"hidden\" name=\"trp-form-language\" value=\"en\"\/><\/form>\n<\/div>\n\n<\/div>\n\t<\/div>\n<\/div>\n<\/div>\n<\/div>\n\t<\/div>\n\t\t<\/div>\n\t<\/div>\n<\/div>\n<\/div><div class=\"uabb-js-breakpoint\" style=\"display: none;\"><\/div>\t\t\t\n\t\t\t<a href=\"\/en\/void(0)\/\" target=\"_self\" aria-label=\"Request data sheet\" rel=\"noopener\">\n\t\t\t\t\t\t\t\t\t\t\tRequest data sheet\n\t\t<\/a>\n<h4>\n\t\tStainless steel valve\n\t<\/h4>\n<h4>\n\t\tNV 67e<br \/>\n\t<\/h4>\n\t\t<h4>Dimensions<\/h4>\t\t\n\t\t\t<p>DN 15 &#8211; 100<\/p>\n\t\t<h4>Nominal pressure<\/h4>\t\t\n\t\t\t<p>PN 16<\/p>\n\t\t<h4>Temperature<\/h4>\t\t\n\t\t\t<p>130 \u00b0C<\/p>\n\t\t<h4>Connection<\/h4>\t\t\n\t\t\t<p>flange<\/p>\n\t<p>Application<\/p>\n\t<ul>\n<li>Liquids up to 130 \u00b0C<\/li>\n<\/ul>\n\t<p>Standard<\/p>\n\t<ul>\n<li>Connection: flange DN 15-100<\/li>\n<li>Operating pressure: 0-16 bar<\/li>\n<li>Kvs Werte: 4 &#8211; 100 m3\/h<\/li>\n<li>Globe valve<\/li>\n<li>Completely made of stainless steel 316L<\/li>\n<li>Corrosion-resistant, very lightweight and compact<\/li>\n<li>Excellent surface quality<\/li>\n<li>Relieved cone, with a soft seal<\/li>\n<li>Quick-release body clamp ring<\/li>\n<li>Cylindrical float SC 8 stainless steel<\/li>\n<li>Float bar 1m length of stainless steel<\/li>\n<\/ul>\n\t<p>Options:<\/p>\n\t<ul>\n<li>Float adjustment to the density of the medium<\/li>\n<li>Various seal materials suitable for your medium<\/li>\n<li>Aseptic or ANSI flanges, welding ends<\/li>\n<\/ul>\n\t\t\t<a href=\"https:\/\/www.fluvius-flowcontrol.at\/en\/download\/1189\/\" target=\"_blank\" role=\"button\" rel=\"noopener\">\n\t\t\t\t\t\tBrochure float valves\n\t\t\t\t\t<\/a>\n\t\t\t<div class=\"fl-builder-content fl-builder-content-3245 fl-builder-template fl-builder-layout-template fl-builder-global-templates-locked\" data-post-id=\"3245\"><div class=\"fl-row fl-row-fixed-width fl-row-bg-none fl-node-q5oajmkdue61 fl-row-default-height fl-row-align-center\" data-node=\"q5oajmkdue61\">\n\t<div class=\"fl-row-content-wrap\">\n\t\t\t\t\t\t\t\t<div class=\"fl-row-content fl-row-fixed-width fl-node-content\">\n\t\t\n<div class=\"fl-col-group fl-node-rd8k6x5npztc\" data-node=\"rd8k6x5npztc\">\n\t\t\t<div class=\"fl-col fl-node-26eao0tqxid7 fl-col-bg-color\" data-node=\"26eao0tqxid7\">\n\t<div class=\"fl-col-content fl-node-content\"><div class=\"fl-module fl-module-heading fl-node-6jus2g87nlad\" data-node=\"6jus2g87nlad\">\n\t<div class=\"fl-module-content fl-node-content\">\n\t\t<h2 class=\"fl-heading\">\n\t\t<span class=\"fl-heading-text\"><\/span>\n\t<\/h2>\n\t<\/div>\n<\/div>\n<\/div>\n<\/div>\n\t<\/div>\n\n<div class=\"fl-col-group fl-node-yrc6n3kmvtua\" data-node=\"yrc6n3kmvtua\">\n\t\t\t<div class=\"fl-col fl-node-fbeyqwrtzjxk fl-col-bg-color\" data-node=\"fbeyqwrtzjxk\">\n\t<div class=\"fl-col-content fl-node-content\"><div class=\"fl-module fl-module-uabb-contact-form7 fl-node-st2gakxb1lhy form-datenblatt-anfordern\" data-node=\"st2gakxb1lhy\">\n\t<div class=\"fl-module-content fl-node-content\">\n\t\t\n<div class=\"uabb-cf7-style uabb-cf7-form-style1\">\n\t\n\t\t\n<div class=\"wpcf7 no-js\" id=\"wpcf7-f3241-o2\" lang=\"de-DE\" dir=\"ltr\" data-wpcf7-id=\"3241\">\n<div class=\"screen-reader-response\"><p role=\"status\" aria-live=\"polite\" aria-atomic=\"true\"><\/p> <ul><\/ul><\/div>\n<form action=\"\/en\/wp-json\/wp\/v2\/pages\/2881#wpcf7-f3241-o2\" method=\"post\" class=\"wpcf7-form init\" aria-label=\"Contact\" novalidate=\"novalidate\" data-status=\"init\" data-trp-original-action=\"\/en\/wp-json\/wp\/v2\/pages\/2881#wpcf7-f3241-o2\">\n<fieldset class=\"hidden-fields-container\"><input type=\"hidden\" name=\"_wpcf7\" value=\"3241\" \/><input type=\"hidden\" name=\"_wpcf7_version\" value=\"6.1.5\" \/><input type=\"hidden\" name=\"_wpcf7_locale\" value=\"de_DE\" \/><input type=\"hidden\" name=\"_wpcf7_unit_tag\" value=\"wpcf7-f3241-o2\" \/><input type=\"hidden\" name=\"_wpcf7_container_post\" value=\"0\" \/><input type=\"hidden\" name=\"_wpcf7_posted_data_hash\" value=\"\" \/>\n<\/fieldset>\n<div class=\"topline-100-center\">\n\t<p>Request data sheet\n\t<\/p>\n<\/div>\n<p><span class=\"wpcf7-form-control-wrap\" data-name=\"Name\"><input size=\"40\" maxlength=\"400\" class=\"wpcf7-form-control wpcf7-text wpcf7-validates-as-required\" aria-required=\"true\" aria-invalid=\"false\" placeholder=\"Name\" value=\"\" type=\"text\" name=\"Name\" \/><\/span><br \/>\n<span class=\"wpcf7-form-control-wrap\" data-name=\"Mail\"><input size=\"40\" maxlength=\"400\" class=\"wpcf7-form-control wpcf7-email wpcf7-validates-as-required wpcf7-text wpcf7-validates-as-email\" aria-required=\"true\" aria-invalid=\"false\" placeholder=\"Mail\" value=\"\" type=\"email\" name=\"Mail\" \/><\/span><br \/>\n<span class=\"wpcf7-form-control-wrap\" data-name=\"tel-186\"><input size=\"40\" maxlength=\"400\" class=\"wpcf7-form-control wpcf7-tel wpcf7-text wpcf7-validates-as-tel\" aria-invalid=\"false\" placeholder=\"Phone\" value=\"\" type=\"tel\" name=\"tel-186\" \/><\/span><br \/>\n<span><br \/>\n<\/span><br \/>\n<span class=\"wpcf7-form-control-wrap\" data-name=\"acceptance-324\"><span class=\"wpcf7-form-control wpcf7-acceptance\"><span class=\"wpcf7-list-item\"><label><input type=\"checkbox\" name=\"acceptance-324\" value=\"1\" aria-invalid=\"false\" \/><span class=\"wpcf7-list-item-label\"><span class=\"Datenschutz\">I confirm that I have taken note of the privacy policy. I agree that my information and data will be collected and stored electronically to respond to my inquiry. <br>Please note: You have the option to withdraw your consent at any time in the future by email.<\/span><\/span><\/label><\/span><\/span><\/span>\n<\/p>\n<p><input class=\"wpcf7-form-control wpcf7-submit has-spinner\" type=\"submit\" value=\"Request data sheet\" \/>\n<\/p><div class=\"wpcf7-response-output\" aria-hidden=\"true\"><\/div>\n<input type=\"hidden\" name=\"trp-form-language\" value=\"en\"\/><\/form>\n<\/div>\n\n<\/div>\n\t<\/div>\n<\/div>\n<\/div>\n<\/div>\n\t<\/div>\n\t\t<\/div>\n\t<\/div>\n<\/div>\n<\/div><div class=\"uabb-js-breakpoint\" style=\"display: none;\"><\/div>\t\t\t\n\t\t\t<a href=\"\/en\/void(0)\/\" target=\"_self\" aria-label=\"Request data sheet\" rel=\"noopener\">\n\t\t\t\t\t\t\t\t\t\t\tRequest data sheet\n\t\t<\/a>\n<h4>\n\t\tCast steel valve\n\t<\/h4>\n<h4>\n\t\tNV 55e<br \/>\n\t<\/h4>\n\t\t<h4>Dimensions<\/h4>\t\t\n\t\t\t<p>DN 15 &#8211; 100<\/p>\n\t\t<h4>Nominal pressure<\/h4>\t\t\n\t\t\t<p>PN 16 &#8211; 40<\/p>\n\t\t<h4>Temperature<\/h4>\t\t\n\t\t\t<p>130 \u00b0C<\/p>\n\t\t<h4>Connection<\/h4>\t\t\n\t\t\t<p>flange<\/p>\n\t<p>Application<\/p>\n\t<ul>\n<li>Liquids up to 130 \u00b0C<\/li>\n<\/ul>\n\t<p>Standard<\/p>\n\t<ul>\n<li>Connection: flange DN 15-100<\/li>\n<li>Operating pressure: 0-16 bar<\/li>\n<li>Kvs Werte: 4 &#8211; 160 m3\/h<\/li>\n<li>Globe valve<\/li>\n<li>Body material: 1.0619<\/li>\n<li>Trim materials: stainless steel<\/li>\n<li>Relieved cone, with a soft seal<\/li>\n<li>Cylindrical float SC 8 stainless steel<\/li>\n<li>Float bar 1m length of stainless steel<\/li>\n<li>Float lever aligned to the longitudinal axis<\/li>\n<\/ul>\n\t<p>Options:<\/p>\n\t<ul>\n<li>Body material: stainless steel<\/li>\n<li>Float bar in special length<\/li>\n<li>Rubber coating for corrosive media<\/li>\n<\/ul>","protected":false},"excerpt":{"rendered":"<p>Schwimmerventile Prospekt Schwimmerventile Datenblatt anfordern Edelstahlventil NV 67e Nennweite DN 15 &#8211; 100 Nenndruck PN 16 Temperatur 130 \u00b0C Anschluss Flansch Einsatzmedium: Fl\u00fcssigkeiten Standardausf\u00fchrung: Anschluss: Flansche DN 15-100 Arbeitsdruck: 0-16 bar Kvs Werte: 4 &#8211; 100 m3\/h Durchgangsventil Komplett aus Edelstahl Korrosionsbest\u00e4ndig, sehr leicht und kompakt Hervorragende Oberfl\u00e4cheng\u00fcte Entlasteter Kegel, weichdichtend Geh\u00e4use-Schnellverschluss Mantelschwimmer mit Innenrohr&hellip;<\/p>","protected":false},"author":2,"featured_media":0,"parent":2884,"menu_order":1,"comment_status":"closed","ping_status":"closed","template":"","meta":{"footnotes":""},"class_list":["post-2881","page","type-page","status-publish","hentry"],"_links":{"self":[{"href":"https:\/\/www.fluvius-flowcontrol.at\/en\/wp-json\/wp\/v2\/pages\/2881","targetHints":{"allow":["GET"]}}],"collection":[{"href":"https:\/\/www.fluvius-flowcontrol.at\/en\/wp-json\/wp\/v2\/pages"}],"about":[{"href":"https:\/\/www.fluvius-flowcontrol.at\/en\/wp-json\/wp\/v2\/types\/page"}],"author":[{"embeddable":true,"href":"https:\/\/www.fluvius-flowcontrol.at\/en\/wp-json\/wp\/v2\/users\/2"}],"replies":[{"embeddable":true,"href":"https:\/\/www.fluvius-flowcontrol.at\/en\/wp-json\/wp\/v2\/comments?post=2881"}],"version-history":[{"count":7,"href":"https:\/\/www.fluvius-flowcontrol.at\/en\/wp-json\/wp\/v2\/pages\/2881\/revisions"}],"predecessor-version":[{"id":3463,"href":"https:\/\/www.fluvius-flowcontrol.at\/en\/wp-json\/wp\/v2\/pages\/2881\/revisions\/3463"}],"up":[{"embeddable":true,"href":"https:\/\/www.fluvius-flowcontrol.at\/en\/wp-json\/wp\/v2\/pages\/2884"}],"wp:attachment":[{"href":"https:\/\/www.fluvius-flowcontrol.at\/en\/wp-json\/wp\/v2\/media?parent=2881"}],"curies":[{"name":"wp","href":"https:\/\/api.w.org\/{rel}","templated":true}]}}