{"id":2940,"date":"2021-12-20T21:12:20","date_gmt":"2021-12-20T20:12:20","guid":{"rendered":"https:\/\/www.fluvius-flowcontrol.at\/?page_id=2940"},"modified":"2023-05-28T10:51:18","modified_gmt":"2023-05-28T08:51:18","slug":"fluvius-differenzdruckregler","status":"publish","type":"page","link":"https:\/\/www.fluvius-flowcontrol.at\/en\/produkte\/fluvius-differenzdruckregler\/","title":{"rendered":"Fluvius Differenzdruckregler"},"content":{"rendered":"<h2>\n\t\tDifferential pressure regulator\n\t<\/h2>\n\t\t\t<a href=\"https:\/\/www.fluvius-flowcontrol.at\/en\/download\/1049\/\" target=\"_blank\" role=\"button\" rel=\"noopener\">\n\t\t\t\t\t\tBrochure differential pressure regulator\n\t\t\t\t\t<\/a>\n\t\t\t<div class=\"fl-builder-content fl-builder-content-3245 fl-builder-template fl-builder-layout-template fl-builder-global-templates-locked\" data-post-id=\"3245\"><div class=\"fl-row fl-row-fixed-width fl-row-bg-none fl-node-q5oajmkdue61 fl-row-default-height fl-row-align-center\" data-node=\"q5oajmkdue61\">\n\t<div class=\"fl-row-content-wrap\">\n\t\t\t\t\t\t\t\t<div class=\"fl-row-content fl-row-fixed-width fl-node-content\">\n\t\t\n<div class=\"fl-col-group fl-node-rd8k6x5npztc\" data-node=\"rd8k6x5npztc\">\n\t\t\t<div class=\"fl-col fl-node-26eao0tqxid7 fl-col-bg-color\" data-node=\"26eao0tqxid7\">\n\t<div class=\"fl-col-content fl-node-content\"><div class=\"fl-module fl-module-heading fl-node-6jus2g87nlad\" data-node=\"6jus2g87nlad\">\n\t<div class=\"fl-module-content fl-node-content\">\n\t\t<h2 class=\"fl-heading\">\n\t\t<span class=\"fl-heading-text\"><\/span>\n\t<\/h2>\n\t<\/div>\n<\/div>\n<\/div>\n<\/div>\n\t<\/div>\n\n<div class=\"fl-col-group fl-node-yrc6n3kmvtua\" data-node=\"yrc6n3kmvtua\">\n\t\t\t<div class=\"fl-col fl-node-fbeyqwrtzjxk fl-col-bg-color\" data-node=\"fbeyqwrtzjxk\">\n\t<div class=\"fl-col-content fl-node-content\"><div class=\"fl-module fl-module-uabb-contact-form7 fl-node-st2gakxb1lhy form-datenblatt-anfordern\" data-node=\"st2gakxb1lhy\">\n\t<div class=\"fl-module-content fl-node-content\">\n\t\t\n<div class=\"uabb-cf7-style uabb-cf7-form-style1\">\n\t\n\t\t\n<div class=\"wpcf7 no-js\" id=\"wpcf7-f3241-o1\" lang=\"de-DE\" dir=\"ltr\" data-wpcf7-id=\"3241\">\n<div class=\"screen-reader-response\"><p role=\"status\" aria-live=\"polite\" aria-atomic=\"true\"><\/p> <ul><\/ul><\/div>\n<form action=\"\/en\/wp-json\/wp\/v2\/pages\/2940#wpcf7-f3241-o1\" method=\"post\" class=\"wpcf7-form init\" aria-label=\"Contact\" novalidate=\"novalidate\" data-status=\"init\" data-trp-original-action=\"\/en\/wp-json\/wp\/v2\/pages\/2940#wpcf7-f3241-o1\">\n<fieldset class=\"hidden-fields-container\"><input type=\"hidden\" name=\"_wpcf7\" value=\"3241\" \/><input type=\"hidden\" name=\"_wpcf7_version\" value=\"6.1.5\" \/><input type=\"hidden\" name=\"_wpcf7_locale\" value=\"de_DE\" \/><input type=\"hidden\" name=\"_wpcf7_unit_tag\" value=\"wpcf7-f3241-o1\" \/><input type=\"hidden\" name=\"_wpcf7_container_post\" value=\"0\" \/><input type=\"hidden\" name=\"_wpcf7_posted_data_hash\" value=\"\" \/>\n<\/fieldset>\n<div class=\"topline-100-center\">\n\t<p>Request data sheet\n\t<\/p>\n<\/div>\n<p><span class=\"wpcf7-form-control-wrap\" data-name=\"Name\"><input size=\"40\" maxlength=\"400\" class=\"wpcf7-form-control wpcf7-text wpcf7-validates-as-required\" aria-required=\"true\" aria-invalid=\"false\" placeholder=\"Name\" value=\"\" type=\"text\" name=\"Name\" \/><\/span><br \/>\n<span class=\"wpcf7-form-control-wrap\" data-name=\"Mail\"><input size=\"40\" maxlength=\"400\" class=\"wpcf7-form-control wpcf7-email wpcf7-validates-as-required wpcf7-text wpcf7-validates-as-email\" aria-required=\"true\" aria-invalid=\"false\" placeholder=\"Mail\" value=\"\" type=\"email\" name=\"Mail\" \/><\/span><br \/>\n<span class=\"wpcf7-form-control-wrap\" data-name=\"tel-186\"><input size=\"40\" maxlength=\"400\" class=\"wpcf7-form-control wpcf7-tel wpcf7-text wpcf7-validates-as-tel\" aria-invalid=\"false\" placeholder=\"Phone\" value=\"\" type=\"tel\" name=\"tel-186\" \/><\/span><br \/>\n<span><br \/>\n<\/span><br \/>\n<span class=\"wpcf7-form-control-wrap\" data-name=\"acceptance-324\"><span class=\"wpcf7-form-control wpcf7-acceptance\"><span class=\"wpcf7-list-item\"><label><input type=\"checkbox\" name=\"acceptance-324\" value=\"1\" aria-invalid=\"false\" \/><span class=\"wpcf7-list-item-label\"><span class=\"Datenschutz\">I confirm that I have taken note of the privacy policy. I agree that my information and data will be collected and stored electronically to respond to my inquiry. <br>Please note: You have the option to withdraw your consent at any time in the future by email.<\/span><\/span><\/label><\/span><\/span><\/span>\n<\/p>\n<p><input class=\"wpcf7-form-control wpcf7-submit has-spinner\" type=\"submit\" value=\"Request data sheet\" \/>\n<\/p><div class=\"wpcf7-response-output\" aria-hidden=\"true\"><\/div>\n<input type=\"hidden\" name=\"trp-form-language\" value=\"en\"\/><\/form>\n<\/div>\n\n<\/div>\n\t<\/div>\n<\/div>\n<\/div>\n<\/div>\n\t<\/div>\n\t\t<\/div>\n\t<\/div>\n<\/div>\n<\/div><div class=\"uabb-js-breakpoint\" style=\"display: none;\"><\/div>\t\t\t\n\t\t\t<a href=\"\/en\/void(0)\/\" target=\"_self\" aria-label=\"Request data sheet\" rel=\"noopener\">\n\t\t\t\t\t\t\t\t\t\t\tRequest data sheet\n\t\t<\/a>\n<h4>\n\t\tValve for large flow rates\n\t<\/h4>\n<h4>\n\t\tDV 618<br \/>\n\t<\/h4>\n\t\t<h4>Dimensions<\/h4>\t\t\n\t\t\t<p>DN 15 &#8211; 100<\/p>\n\t\t<h4>Nominal pressure<\/h4>\t\t\n\t\t\t<p>PN 40\/10<\/p>\n\t\t<h4>Temperature<\/h4>\t\t\n\t\t\t<p>130 \u00b0C<\/p>\n\t\t<h4>Differential pressure<\/h4>\t\t\n\t\t\t<p>0,3 &#8211; 10 bar<\/p>\n\t<p>Application<\/p>\n\t<ul>\n<li>Liquids, gases up to 130 \u00b0C<\/li>\n<\/ul>\n\t<p>Standard<\/p>\n\t<ul>\n<li>Connection: flange DN 15-100<\/li>\n<li>Setting ranges DP: 0,3-1,1 \/ 0,8-2,5 \/ 2-5 \/ 4,5-10 bar<\/li>\n<li>Kvs Werte: 3,6 &#8211; 100 m3\/h<\/li>\n<li>Body material: 1.0619<\/li>\n<li>Trim materials: SS 316L<\/li>\n<li>Closed bonnet<\/li>\n<li>Sense line connection p(+) \/ p(-)<\/li>\n<li>Elastomers: EPDM<\/li>\n<\/ul>\n\t<p>Options:<\/p>\n\t<ul>\n<li>Body material: 1.4408<\/li>\n<li>Elastomers: FKM, PTFE protection foil<\/li>\n<li>Elastomers as per FDA and USP Class VI<\/li>\n<\/ul>","protected":false},"excerpt":{"rendered":"<p>Differenzdruckregler Prospekt Differenzdruckregler Datenblatt anfordern f\u00fcr gro\u00dfe Durchs\u00e4tze DV 618 Nennweite DN 15 &#8211; 100 Nenndruck PN 40\/10 Temperatur 130 \u00b0C Differenzdruck 0,3 &#8211; 10 bar Einsatzmedium: Fl\u00fcssigkeiten und Gase Standardausf\u00fchrung: Anschluss: Flansch DN 15-100 Druckbereiche DP: 0,3-1,1 \/ 0,8-2,5 \/ 2-5 \/ 4,5-10 bar Kvs Werte: 3,6 &#8211; 100 m3\/h Geh\u00e4use aus Stahlguss (GS-C&hellip;<\/p>","protected":false},"author":2,"featured_media":0,"parent":12,"menu_order":10,"comment_status":"closed","ping_status":"closed","template":"","meta":{"footnotes":""},"class_list":["post-2940","page","type-page","status-publish","hentry"],"_links":{"self":[{"href":"https:\/\/www.fluvius-flowcontrol.at\/en\/wp-json\/wp\/v2\/pages\/2940","targetHints":{"allow":["GET"]}}],"collection":[{"href":"https:\/\/www.fluvius-flowcontrol.at\/en\/wp-json\/wp\/v2\/pages"}],"about":[{"href":"https:\/\/www.fluvius-flowcontrol.at\/en\/wp-json\/wp\/v2\/types\/page"}],"author":[{"embeddable":true,"href":"https:\/\/www.fluvius-flowcontrol.at\/en\/wp-json\/wp\/v2\/users\/2"}],"replies":[{"embeddable":true,"href":"https:\/\/www.fluvius-flowcontrol.at\/en\/wp-json\/wp\/v2\/comments?post=2940"}],"version-history":[{"count":4,"href":"https:\/\/www.fluvius-flowcontrol.at\/en\/wp-json\/wp\/v2\/pages\/2940\/revisions"}],"predecessor-version":[{"id":3465,"href":"https:\/\/www.fluvius-flowcontrol.at\/en\/wp-json\/wp\/v2\/pages\/2940\/revisions\/3465"}],"up":[{"embeddable":true,"href":"https:\/\/www.fluvius-flowcontrol.at\/en\/wp-json\/wp\/v2\/pages\/12"}],"wp:attachment":[{"href":"https:\/\/www.fluvius-flowcontrol.at\/en\/wp-json\/wp\/v2\/media?parent=2940"}],"curies":[{"name":"wp","href":"https:\/\/api.w.org\/{rel}","templated":true}]}}