{"id":31,"date":"2018-12-30T14:49:57","date_gmt":"2018-12-30T13:49:57","guid":{"rendered":"https:\/\/www.fluvius-flowcontrol.at\/?page_id=31"},"modified":"2023-06-10T16:10:08","modified_gmt":"2023-06-10T14:10:08","slug":"fluvius","status":"publish","type":"page","link":"https:\/\/www.fluvius-flowcontrol.at\/en\/","title":{"rendered":"fluvius flow control"},"content":{"rendered":"<h2>\n\t\t<b>Product and<br \/>System Solutions<\/b>\n\t<\/h2>\n\tWir bieten ganzheitliche Produkt- und Systeml\u00f6sungen f\u00fcr industrielle<br \/>\nProzessregel- und Sicherheitsaufgaben. Unser Qualit\u00e4tsgeheimnis liegt in<br \/>\nunserer Kernkompetenz, in der wir ungeschlagen die Nummer Eins am<br \/>\nMarkt sind. N\u00e4mlich, Ihnen die bestm\u00f6gliche Produkt- oder Systeml\u00f6sung<br \/>\nf\u00fcr Ihre Flow Control Aufgaben anzubieten.\n<p><a href=\"https:\/\/www.fluvius-flowcontrol.at\/en\/ueber-fluvius\/\">learn more \u2192<\/a><\/p>\n<h2>\n\t\t<b>Our Products<\/b>\n\t<\/h2>\n<h2>\n\t\t<b>Latest Posts<\/b>\n\t<\/h2>\n<h2>\n\t\t<b>Our customers<\/b>\n\t<\/h2>\n\t<a href=\"#top\" id=\"toTop\"><\/a>","protected":false},"excerpt":{"rendered":"<p>Produkt- undSystem&shy;l\u00f6sungen Wir bieten ganzheitliche Produkt- und Systeml\u00f6sungen f\u00fcr industrielle Prozessregel- und Sicherheitsaufgaben. Unser Qualit\u00e4tsgeheimnis liegt in unserer Kernkompetenz, in der wir ungeschlagen die Nummer Eins am Markt sind. N\u00e4mlich, Ihnen die bestm\u00f6gliche Produkt- oder Systeml\u00f6sung f\u00fcr Ihre Flow Control Aufgaben anzubieten. mehr erfahren \u2192 Unsere Produkte Latest Posts Unsere Kunden<\/p>","protected":false},"author":1,"featured_media":0,"parent":0,"menu_order":6,"comment_status":"closed","ping_status":"closed","template":"","meta":{"footnotes":""},"class_list":["post-31","page","type-page","status-publish","hentry"],"_links":{"self":[{"href":"https:\/\/www.fluvius-flowcontrol.at\/en\/wp-json\/wp\/v2\/pages\/31","targetHints":{"allow":["GET"]}}],"collection":[{"href":"https:\/\/www.fluvius-flowcontrol.at\/en\/wp-json\/wp\/v2\/pages"}],"about":[{"href":"https:\/\/www.fluvius-flowcontrol.at\/en\/wp-json\/wp\/v2\/types\/page"}],"author":[{"embeddable":true,"href":"https:\/\/www.fluvius-flowcontrol.at\/en\/wp-json\/wp\/v2\/users\/1"}],"replies":[{"embeddable":true,"href":"https:\/\/www.fluvius-flowcontrol.at\/en\/wp-json\/wp\/v2\/comments?post=31"}],"version-history":[{"count":87,"href":"https:\/\/www.fluvius-flowcontrol.at\/en\/wp-json\/wp\/v2\/pages\/31\/revisions"}],"predecessor-version":[{"id":3480,"href":"https:\/\/www.fluvius-flowcontrol.at\/en\/wp-json\/wp\/v2\/pages\/31\/revisions\/3480"}],"wp:attachment":[{"href":"https:\/\/www.fluvius-flowcontrol.at\/en\/wp-json\/wp\/v2\/media?parent=31"}],"curies":[{"name":"wp","href":"https:\/\/api.w.org\/{rel}","templated":true}]}}