{"id":345,"date":"2019-01-24T21:25:05","date_gmt":"2019-01-24T20:25:05","guid":{"rendered":"https:\/\/www.fluvius-flowcontrol.at\/?page_id=345"},"modified":"2023-10-02T18:24:39","modified_gmt":"2023-10-02T16:24:39","slug":"impressum","status":"publish","type":"page","link":"https:\/\/www.fluvius-flowcontrol.at\/en\/impressum\/","title":{"rendered":"Imprint"},"content":{"rendered":"<h2>\n\t\tImprint\n\t<\/h2>\n\t<h3><strong>FLUVIUS Flow Control GmbH<\/strong><\/h3>\nPottendorferstra\u00dfe 15-23<br \/>\n2700 Wiener Neustadt<br \/>\nAustria\n<p>Tel.: +43 2622-42714-0<\/p>\nFax: +43 2622-42714-50<br \/>\nE-Mail: office@fluvius-flowcontrol.at<br \/>\nwww.fluvius-flowcontrol.at\n<p>USt-IdNr.: ATU72451946<\/p>\n<p>Firmennummer: FN 476040 i<\/p>\n<p>Firmenbuchgericht: Landesgericht Wiener Neustadt<\/p>\n<p>Bankverbindung: Raiffeisenregionalbank Wr. Neustadt<\/p>\n<p>AT39 3293 7000 0064 0813<\/p>\n<p>RLNWATWWWRN<\/p>\n<p>Gesch\u00e4ftsf\u00fchrer: Ing. Marinko Plavsic<\/p>\n<p>F\u00fcr den Inhalt verantwortlich: FLUVIUS Flow Control GmbH<\/p>\n<p>Kammerzugeh\u00f6rigkeit: Wirtschaftskammer N\u00d6<\/p>\n<p>Haftungsausschluss:<\/p>\n<p>FLUVIUS Flow Control GmbH pr\u00fcft und aktualisiert die Informationen auf ihren Webseiten st\u00e4ndig. Trotz aller Sorgfalt k\u00f6nnen sich die Daten inzwischen ver\u00e4ndert haben. Eine Haftung oder Garantie f\u00fcr die Aktualit\u00e4t, Richtigkeit und Vollst\u00e4ndigkeit der zur Verf\u00fcgung gestellten Informationen kann daher nicht \u00fcbernommen werden. Gleiches gilt auch f\u00fcr alle anderen Internetseiten, auf die mit Hyperlinks verwiesen wird. Die FLUVIUS Flow Control GmbH ist f\u00fcr den Inhalt der Internetseiten, die per Hyperlinks erreicht werden, nicht verantwortlich. Zudem beh\u00e4lt sich FLUVIUS Flow Control GmbH das Recht vor, \u00c4nderungen oder Erg\u00e4nzungen der bereitgestellten Informationen vorzunehmen. Inhalt und Aufbau der FLUVIUS Flow Control Internetseiten sind urheberrechtlich gesch\u00fctzt. Die Vervielf\u00e4ltigung von Informationen oder Daten, insbesondere die Verwendung von Texten, Textteilen oder Bildmaterial, bedarf der vorherigen Zustimmung der FLUVIUS Flow Control GmbH.<\/p>","protected":false},"excerpt":{"rendered":"<p>Impressum FLUVIUS Flow Control GmbH Pottendorferstra\u00dfe 15-23 2700 Wiener Neustadt Austria Tel.: +43 2622-42714-0 Fax: +43 2622-42714-50 E-Mail: office@fluvius-flowcontrol.at www.fluvius-flowcontrol.at USt-IdNr.: ATU72451946 Firmennummer: FN 476040 i Firmenbuchgericht: Landesgericht Wiener Neustadt Bankverbindung: Raiffeisenregionalbank Wr. Neustadt AT39 3293 7000 0064 0813 RLNWATWWWRN Gesch\u00e4ftsf\u00fchrer: Ing. Marinko Plavsic F\u00fcr den Inhalt verantwortlich: FLUVIUS Flow Control GmbH Kammerzugeh\u00f6rigkeit: Wirtschaftskammer N\u00d6&hellip;<\/p>","protected":false},"author":1,"featured_media":0,"parent":0,"menu_order":12,"comment_status":"closed","ping_status":"closed","template":"","meta":{"footnotes":""},"class_list":["post-345","page","type-page","status-publish","hentry"],"_links":{"self":[{"href":"https:\/\/www.fluvius-flowcontrol.at\/en\/wp-json\/wp\/v2\/pages\/345","targetHints":{"allow":["GET"]}}],"collection":[{"href":"https:\/\/www.fluvius-flowcontrol.at\/en\/wp-json\/wp\/v2\/pages"}],"about":[{"href":"https:\/\/www.fluvius-flowcontrol.at\/en\/wp-json\/wp\/v2\/types\/page"}],"author":[{"embeddable":true,"href":"https:\/\/www.fluvius-flowcontrol.at\/en\/wp-json\/wp\/v2\/users\/1"}],"replies":[{"embeddable":true,"href":"https:\/\/www.fluvius-flowcontrol.at\/en\/wp-json\/wp\/v2\/comments?post=345"}],"version-history":[{"count":6,"href":"https:\/\/www.fluvius-flowcontrol.at\/en\/wp-json\/wp\/v2\/pages\/345\/revisions"}],"predecessor-version":[{"id":3535,"href":"https:\/\/www.fluvius-flowcontrol.at\/en\/wp-json\/wp\/v2\/pages\/345\/revisions\/3535"}],"wp:attachment":[{"href":"https:\/\/www.fluvius-flowcontrol.at\/en\/wp-json\/wp\/v2\/media?parent=345"}],"curies":[{"name":"wp","href":"https:\/\/api.w.org\/{rel}","templated":true}]}}