{"id":353,"date":"2019-01-24T21:31:08","date_gmt":"2019-01-24T20:31:08","guid":{"rendered":"https:\/\/www.fluvius-flowcontrol.at\/?page_id=353"},"modified":"2023-04-07T17:35:35","modified_gmt":"2023-04-07T15:35:35","slug":"karriere","status":"publish","type":"page","link":"https:\/\/www.fluvius-flowcontrol.at\/en\/karriere\/","title":{"rendered":"Karriere"},"content":{"rendered":"<h2>\n\t\tKarriere\n\t<\/h2>\n\t<p><strong>FLUVIUS Flow Control GmbH <\/strong>ist ein junges, dynamisches und l\u00f6sungsorientiertes Unternehmen mit Firmensitz in Wiener Neustadt. Unseren Kunden bieten wir ganzheitliche Produkt- und Systeml\u00f6sungen im Bereich industrielle Prozessregel- und Sicherheitsarmaturen. Kundenspezifisches Engineering, innovative L\u00f6sungen und erstklassige Beratung machen uns zu einem gefragten und verl\u00e4sslichen Industriepartner. Als familiengef\u00fchrtes Unternehmen setzt FLUVIUS vor allem auf seine engagierten Mitarbeiterinnen und Mitarbeiter.<\/p>\n<p>Wir suchen ab sofort folgende Verst\u00e4rkung f\u00fcr unser Team:<\/p>\n\t\t\t\t\t\t\t\t\t\t<h4 tabindex=\"0\">Vertriebsingenieur \/ Technischer Vertrieb (m\/w\/d)<\/h4>\n\t\t\t\t\t<p><strong>Chance auch f\u00fcr Quereinsteiger!<\/strong><\/p>\n<p><strong>\u00a0<\/strong><strong>Ihre Aufgaben:<\/strong><\/p>\n<ul>\n<li>Aufbau von nachhaltigen Gesch\u00e4ftsbeziehungen und Gewinnung von Neukundinnen im Maschinen- und Anlagenbau, vorwiegend in der DACH Region<\/li>\n<li>L\u00f6sungsorientierte Betreuung und Beratung unserer Kunden<\/li>\n<li>Angebotserstellung und Auftragsabwicklung<\/li>\n<li>Angebotsverfolgung und Projektbegleitung bis zum Vertragsabschluss<\/li>\n<li>Marketing und Verkaufsf\u00f6rderungsaktivit\u00e4ten<\/li>\n<li>Zusammenarbeit mit internationalen Partnern<\/li>\n<\/ul>\n<p><strong>Ihr Profil:<\/strong><\/p>\n<ul>\n<li>Abgeschlossene technische Ausbildung<\/li>\n<li>Mit Berufserfahrung oder Quereinsteiger<\/li>\n<li>Lernbereitschaft und Freude an technisch anspruchsvollen Produkten und L\u00f6sungen<\/li>\n<\/ul>\n<ul>\n<li>Selbstst\u00e4ndigkeit, unternehmerisches Denken und Loyalit\u00e4t<\/li>\n<\/ul>\n<ul>\n<li>Englischkenntnisse<\/li>\n<li>Sicherer Umgang mit EDV-Anwendungen (MS-Office)<\/li>\n<\/ul>\n<p><strong>Wir bieten:<\/strong><\/p>\n<ul>\n<li>Eine Position mit Eigenverantwortung in einem jungen und dynamischen Familienunternehmen<\/li>\n<li>Ausgezeichnetes Betriebsklima<\/li>\n<\/ul>\n<ul>\n<li>Flexible Zeitgestaltung sowie M\u00f6glichkeiten f\u00fcr Homeoffice<\/li>\n<\/ul>\n<ul>\n<li>Vielseitiges und anspruchsvolles Aufgabengebiet in einem interessanten Umfeld<\/li>\n<li>Moderne Arbeitsplatzausstattung und ein attraktives Arbeitsumfeld<\/li>\n<li>Firmenwagen bei vorwiegender Au\u00dfendienstt\u00e4tigkeit<\/li>\n<\/ul>\n<p>Ergreifen Sie diese Chance und senden Sie uns Ihre aussagekr\u00e4ftige Bewerbung (inkl. Lebenslauf, Motivationsschreiben und Zeugnissen) per E-Mail an: <a href=\"mailto:office@fluvius-flowcontrol.at\">office@fluvius-flowcontrol.at<\/a>. Das Jahresbruttogehalt auf Vollzeitbasis betr\u00e4gt je nach Qualifikation und Berufserfahrung zwischen 31.500,- und 56.000,-.<\/p>\n\t\t\t\t\t\t\t\t\t\t<h4 tabindex=\"0\">Technische(r) Sachbearbeiter(in) (m\/w\/d)<\/h4>\n\t\t\t\t\t<p><strong>Chance auch f\u00fcr Berufs- und Quereinsteiger!<\/strong><\/p>\n<p><strong>\u00a0<\/strong><strong>Ihre Aufgaben:<\/strong><\/p>\n<ul>\n<li>Annahme und Bearbeitung von Kundenanfragen und Bestellungen<\/li>\n<li>Angebotserstellung und Auftragsabwicklung<\/li>\n<li>Berechnung und Auslegung von Prozessregel- und Sicherheitsarmaturen<\/li>\n<li>Angebotsverfolgung und Projektbegleitung bis zum Vertragsabschluss<\/li>\n<li>Zusammenarbeit mit internationalen Partnern<\/li>\n<li>Betreuung von Bestands- und Neukunden<\/li>\n<li>Schnittstelle zwischen Innen- und Au\u00dfendienst<\/li>\n<li>Unterst\u00fctzung bei der Optimierung von internen Prozessen<\/li>\n<\/ul>\n<p><strong>Ihr Profil:<\/strong><\/p>\n<ul>\n<li>Abgeschlossene technische Ausbildung<\/li>\n<li>Berufseinsteiger oder mit Berufserfahrung<\/li>\n<li>Lernbereitschaft und Freude an technisch anspruchsvollen Produkten und L\u00f6sungen<\/li>\n<\/ul>\n<ul>\n<li>Selbstst\u00e4ndige, verantwortungsvolle und sorgf\u00e4ltige Arbeitsweise<\/li>\n<li>Sehr gutes Deutsch in Wort und Schrift<\/li>\n<\/ul>\n<ul>\n<li>Gute Englischkenntnisse von Vorteil<\/li>\n<li>Sicherer Umgang mit EDV-Anwendungen (MS-Office)<\/li>\n<\/ul>\n<p><strong>Wir bieten:<\/strong><\/p>\n<ul>\n<li>Eine Position mit Eigenverantwortung in einem jungen und dynamischen Familienunternehmen<\/li>\n<li>Ausgezeichnetes Betriebsklima<\/li>\n<\/ul>\n<ul>\n<li>Flexible Arbeitszeiten und attraktive Entlohnung<\/li>\n<\/ul>\n<ul>\n<li>Vielseitiges und anspruchsvolles Aufgabengebiet in einem interessanten Umfeld<\/li>\n<\/ul>\n<p>Moderne Arbeitsplatzausstattung und ein attraktives Arbeitsumfeld<\/p>\n<p>Ergreifen Sie diese Chance und senden Sie uns Ihre aussagekr\u00e4ftige Bewerbung (inkl. Lebenslauf, Motivationsschreiben und Zeugnissen) per E-Mail an: <a href=\"mailto:office@fluvius-flowcontrol.at\">office@fluvius-flowcontrol.at<\/a>. Das Jahresbruttogehalt auf Vollzeitbasis betr\u00e4gt je nach Qualifikation und Berufserfahrung zwischen \u20ac 29.400,- und \u20ac 42.000,-.<\/p>","protected":false},"excerpt":{"rendered":"<p>Karriere FLUVIUS Flow Control GmbH ist ein junges, dynamisches und l\u00f6sungsorientiertes Unternehmen mit Firmensitz in Wiener Neustadt. Unseren Kunden bieten wir ganzheitliche Produkt- und Systeml\u00f6sungen im Bereich industrielle Prozessregel- und Sicherheitsarmaturen. Kundenspezifisches Engineering, innovative L\u00f6sungen und erstklassige Beratung machen uns zu einem gefragten und verl\u00e4sslichen Industriepartner. Als familiengef\u00fchrtes Unternehmen setzt FLUVIUS vor allem auf seine&hellip;<\/p>","protected":false},"author":1,"featured_media":0,"parent":0,"menu_order":14,"comment_status":"closed","ping_status":"closed","template":"","meta":{"footnotes":""},"class_list":["post-353","page","type-page","status-publish","hentry"],"_links":{"self":[{"href":"https:\/\/www.fluvius-flowcontrol.at\/en\/wp-json\/wp\/v2\/pages\/353","targetHints":{"allow":["GET"]}}],"collection":[{"href":"https:\/\/www.fluvius-flowcontrol.at\/en\/wp-json\/wp\/v2\/pages"}],"about":[{"href":"https:\/\/www.fluvius-flowcontrol.at\/en\/wp-json\/wp\/v2\/types\/page"}],"author":[{"embeddable":true,"href":"https:\/\/www.fluvius-flowcontrol.at\/en\/wp-json\/wp\/v2\/users\/1"}],"replies":[{"embeddable":true,"href":"https:\/\/www.fluvius-flowcontrol.at\/en\/wp-json\/wp\/v2\/comments?post=353"}],"version-history":[{"count":13,"href":"https:\/\/www.fluvius-flowcontrol.at\/en\/wp-json\/wp\/v2\/pages\/353\/revisions"}],"predecessor-version":[{"id":3233,"href":"https:\/\/www.fluvius-flowcontrol.at\/en\/wp-json\/wp\/v2\/pages\/353\/revisions\/3233"}],"wp:attachment":[{"href":"https:\/\/www.fluvius-flowcontrol.at\/en\/wp-json\/wp\/v2\/media?parent=353"}],"curies":[{"name":"wp","href":"https:\/\/api.w.org\/{rel}","templated":true}]}}