{"id":9,"date":"2018-12-30T14:35:20","date_gmt":"2018-12-30T13:35:20","guid":{"rendered":"https:\/\/www.fluvius-flowcontrol.at\/?page_id=9"},"modified":"2023-06-03T12:51:12","modified_gmt":"2023-06-03T10:51:12","slug":"ueber-fluvius","status":"publish","type":"page","link":"https:\/\/www.fluvius-flowcontrol.at\/en\/ueber-fluvius\/","title":{"rendered":"Company"},"content":{"rendered":"<h2>Your competent partner for Flow Control solutions<\/h2>\nWir bieten ganzheitliche Produkt- und Systeml\u00f6sungen f\u00fcr industrielle Prozessregel- und Sicherheitsaufgaben.<br \/>\nUnser Qualit\u00e4tsgeheimnis liegt in unserer Kernkompetenz, in der wir ungeschlagen die Nummer Eins am Markt\u00a0sind. N\u00e4mlich, Ihnen die bestm\u00f6gliche Produkt- oder Systeml\u00f6sung f\u00fcr Ihre Flow Control Aufgaben anzubieten.\n<p>&nbsp;<\/p>\n<p class=\"translation-block\"><span style=\"color: #000000\">Our solution-oriented corporate culture, in-depth process knowledge and experienced consulting service combined with first-class products enable us from a single source to offer sophisticated overall solutions for almost all process control and safety applications. We cultivate close relationships with our customers and partners, which makes it possible to meet new technological challenges and customer requirements.<\/span><\/p>\n\t<h3>This is what we stand for:<\/h3>\n<p>&#8211; Jeder Kunde und jede Applikation ist einzigartig! Wir widmen uns den besonderen\u00a0Bed\u00fcrfnissen und W\u00fcnschen unserer Kunden. Dabei werden Sie von kompetenten und\u00a0engagierten Mitarbeitern beraten, die auf Ihre W\u00fcnsche eingehen.<\/p>\n<p>&#8211; Ihre Anwendung bestimmt unsere L\u00f6sung! Wir erarbeiten mit Ihnen die f\u00fcr Sie\u00a0beste L\u00f6sung und n\u00fctzen dazu unsere Applikationserfahrung voll aus. So entstehen\u00a0individuelle und auf Ihre Bed\u00fcrfnisse optimal angepasste L\u00f6sungen.<\/p>\n<p>&#8211; Qualit\u00e4t ist ein Muss! Qualit\u00e4t ist das Resultat verl\u00e4sslichen Handelns aller\u00a0Beteiligten in der Wertsch\u00f6pfungskette, vom ersten Kundengespr\u00e4ch, \u00fcber Engineering\u00a0und L\u00f6sungsfindung bis hin zu Produktion, Qualit\u00e4tspr\u00fcfung und Logistik.<\/p>\n<p>&#8211; Wertsch\u00e4tzung! Wir begegnen allen Kunden und Partnern mit Respekt und Offenheit,\u00a0und bleiben in allen Situationen professionell, konstruktiv und respektvoll.<\/p>\n<h3>Rely on our know-how in Flow Control!<\/h3>\n\n\t\t\t\t<img decoding=\"async\" src=\"https:\/\/www.fluvius-flowcontrol.at\/wp-content\/plugins\/bb-plugin\/img\/pixel.png\" alt=\"\" itemprop=\"image\" onerror=\"this.style.display='none'\"  \/>","protected":false},"excerpt":{"rendered":"<p>Ihr kompetenter Partner f\u00fcr Flow Control Aufgaben Wir bieten ganzheitliche Produkt- und Systeml\u00f6sungen f\u00fcr industrielle Prozessregel- und Sicherheitsaufgaben. Unser Qualit\u00e4tsgeheimnis liegt in unserer Kernkompetenz, in der wir ungeschlagen die Nummer Eins am Markt\u00a0sind. N\u00e4mlich, Ihnen die bestm\u00f6gliche Produkt- oder Systeml\u00f6sung f\u00fcr Ihre Flow Control Aufgaben anzubieten. &nbsp; Unsere l\u00f6sungsorientierte Unternehmenskultur, tiefgr\u00fcndige Prozesskenntnisse, kompetente Beratung verbunden\u00a0mit&hellip;<\/p>","protected":false},"author":1,"featured_media":0,"parent":0,"menu_order":2,"comment_status":"closed","ping_status":"closed","template":"","meta":{"footnotes":""},"class_list":["post-9","page","type-page","status-publish","hentry"],"_links":{"self":[{"href":"https:\/\/www.fluvius-flowcontrol.at\/en\/wp-json\/wp\/v2\/pages\/9","targetHints":{"allow":["GET"]}}],"collection":[{"href":"https:\/\/www.fluvius-flowcontrol.at\/en\/wp-json\/wp\/v2\/pages"}],"about":[{"href":"https:\/\/www.fluvius-flowcontrol.at\/en\/wp-json\/wp\/v2\/types\/page"}],"author":[{"embeddable":true,"href":"https:\/\/www.fluvius-flowcontrol.at\/en\/wp-json\/wp\/v2\/users\/1"}],"replies":[{"embeddable":true,"href":"https:\/\/www.fluvius-flowcontrol.at\/en\/wp-json\/wp\/v2\/comments?post=9"}],"version-history":[{"count":32,"href":"https:\/\/www.fluvius-flowcontrol.at\/en\/wp-json\/wp\/v2\/pages\/9\/revisions"}],"predecessor-version":[{"id":3487,"href":"https:\/\/www.fluvius-flowcontrol.at\/en\/wp-json\/wp\/v2\/pages\/9\/revisions\/3487"}],"wp:attachment":[{"href":"https:\/\/www.fluvius-flowcontrol.at\/en\/wp-json\/wp\/v2\/media?parent=9"}],"curies":[{"name":"wp","href":"https:\/\/api.w.org\/{rel}","templated":true}]}}